{"id":348,"date":"2022-05-12T17:49:23","date_gmt":"2022-05-12T15:49:23","guid":{"rendered":"https:\/\/floride.ms.decms.eu\/?page_id=348"},"modified":"2026-02-27T16:40:34","modified_gmt":"2026-02-27T15:40:34","slug":"aviso-legal","status":"publish","type":"page","link":"https:\/\/www.floride-paris-hotel.com\/es\/aviso-legal\/","title":{"rendered":"Aviso legal"},"content":{"rendered":"<p>De conformidad con el Art\u00edculo 6 de la Ley n\u00ba 2004-575 del 21 de junio de 2004 sobre la confianza en la econom\u00eda digital, se informa a los usuarios del sitio <a href=\"http:\/\/www.floride-paris-hotel.com\/\">www.floride-paris-hotel.com<\/a> sobre la identidad de las distintas personas implicadas en su realizaci\u00f3n y seguimiento:<\/p>\n<p><strong>El editor\u00a0<\/strong><\/p>\n<p>Empresa : Hotel Floride Etoile<br \/>\nURL : https:\/\/www.floride-paris-hotel.com\/esp<br \/>\nRaz\u00f3n social : Hotel Floride Etoile<br \/>\n14 rue Saint Didier, 75 116 Par\u00eds \u2013 France<br \/>\nTel : +33 1 47 27 23 36<br \/>\nE-mail : floride\/.etoile@elystel.com<\/p>\n<p>Capital social : 2 057 880 \u20ac<br \/>\nN\u00famero de IVA intracomunitario : FR 63 525 352 696<br \/>\nN\u00famero SIRET : 52535269600013<br \/>\nRCS : Par\u00eds<\/p>\n<p>&nbsp;<\/p>\n<p><strong data-start=\"375\" data-end=\"487\">Directora de publicaci\u00f3n, representante legal, responsable de \u201cprotecci\u00f3n de datos\u201d, responsable editorial :\u00a0<\/strong>Sra. H\u00e9l\u00e8ne GUCHET-LE DREF<\/p>\n<p><strong>Dise\u00f1adores gr\u00e1ficos y multimedia<\/strong><\/p>\n<p>Webmaster : D-EDGE<br \/>\nSitio web:\u00a0<a href=\"https:\/\/www.d-edge.com\/es\/\">https:\/\/www.d-edge.com\/es\/\u00a0<\/a><br \/>\nDirecci\u00f3n postal : cuya sede se encuentra en 66 Rue des Archives \u2013 75003 Par\u00eds.<br data-start=\"703\" data-end=\"706\" \/>Tel\u00e9fono : +33 (0) 1 76 44 04 35<br data-start=\"738\" data-end=\"741\" \/>N\u00famero SIREN : 431 513 852<\/p>\n<p><strong data-start=\"0\" data-end=\"25\" data-is-only-node=\"\">Logo y dise\u00f1o gr\u00e1fico<\/strong><br data-start=\"25\" data-end=\"28\" \/>\u00a9 Anna Kouchniroff, dise\u00f1adora gr\u00e1fica :\u00a0<a class=\"decorated-link\" href=\"https:\/\/www.annakouchniroff.fr\/\" target=\"_new\" rel=\"noopener\" data-start=\"69\" data-end=\"100\" data-is-last-node=\"\">https:\/\/www.annakouchniroff.fr\/<\/a><\/p>\n<p data-start=\"771\" data-end=\"785\"><strong data-start=\"771\" data-end=\"785\">Fot\u00f3grafos<\/strong><\/p>\n<ul>\n<li data-start=\"787\" data-end=\"890\">Christophe BIELSA :\u00a0<a class=\"decorated-link\" href=\"http:\/\/www.christophebielsa.com\/\" target=\"_new\" rel=\"noopener\" data-start=\"807\" data-end=\"831\">www.christophebielsa.com<\/a><\/li>\n<li data-start=\"787\" data-end=\"890\">Enora LE DREF :\u00a0<a href=\"https:\/\/enoraledrefphotographe.mypixieset.com\/\">www.enoraledrefphotographe.mypixieset.com\u00a0<\/a><\/li>\n<li data-start=\"787\" data-end=\"890\">Guillaume LOYER :\u00a0<a class=\"decorated-link\" href=\"https:\/\/www.instagram.com\/guigs.art\/\" target=\"_new\" rel=\"noopener\" data-start=\"852\" data-end=\"888\">https:\/\/www.instagram.com\/guigs.art\/<\/a><\/li>\n<\/ul>\n<p data-start=\"892\" data-end=\"924\"><strong data-start=\"892\" data-end=\"924\">El alojamiento del sitio web<\/strong><\/p>\n<p data-start=\"926\" data-end=\"1046\">D.EDGE \u2013 66 Rue des Archives \u2013 75003 Par\u00eds<br data-start=\"968\" data-end=\"971\" \/>Tel\u00e9fono : +33 (0) 1 76 44 04 35<br data-start=\"1003\" data-end=\"1006\" \/>Sitio web :\u00a0<a class=\"decorated-link\" href=\"https:\/\/www.d-edge.com\/es\/\" target=\"_new\" rel=\"noopener\" data-start=\"1018\" data-end=\"1044\">https:\/\/www.d-edge.com\/es\/<\/a><\/p>\n<p data-start=\"1048\" data-end=\"1092\"><strong data-start=\"1048\" data-end=\"1092\">Cumplimiento de la legislaci\u00f3n aplicable<\/strong><\/p>\n<p data-start=\"1094\" data-end=\"1115\">Este sitio presenta :<\/p>\n<p data-start=\"1117\" data-end=\"1173\">Contenido informativo y recopilaci\u00f3n de datos en l\u00ednea<\/p>\n<p data-start=\"1175\" data-end=\"1558\"><strong data-start=\"1175\" data-end=\"1233\">Ley francesa sobre la protecci\u00f3n de datos personales :<\/strong><br data-start=\"1233\" data-end=\"1236\" \/>Este sitio web est\u00e1 sujeto a una declaraci\u00f3n ante la Commission Nationale Informatique et Libert\u00e9. Usted tiene derecho a acceder, modificar, rectificar y suprimir la informaci\u00f3n que le concierne (art. 34 de la Ley de Protecci\u00f3n de Datos). Para ejercer este derecho, p\u00f3ngase en contacto con :\u00a0<a class=\"decorated-link cursor-pointer\" href=\"mailto:dpo-hotelvilla@elystel.com\" rel=\"noopener\" data-start=\"1528\" data-end=\"1554\">dpo-hotelfloride@elystel.com<\/a>\u00a0.<\/p>\n<p data-start=\"1560\" data-end=\"1658\">La informaci\u00f3n recopilada est\u00e1 destinada al grupo Elystel y no puede ser transferida a terceros.<\/p>\n<p data-start=\"1660\" data-end=\"2099\"><strong data-start=\"1660\" data-end=\"1675\">Propiedad :<\/strong><br data-start=\"1675\" data-end=\"1678\" \/>Este sitio web y la informaci\u00f3n que contiene est\u00e1n protegidos por la legislaci\u00f3n francesa sobre la propiedad intelectual y por acuerdos internacionales. Salvo para uso por miembros del c\u00edrculo familiar cercano o para uso privado, est\u00e1 prohibido reproducir, volver a publicar, transcribir, modificar o difundir este sitio, as\u00ed como cualquier elemento que figure en su contenido, sin autorizaci\u00f3n previa del beneficiario.<\/p>\n<p data-start=\"2101\" data-end=\"2134\"><strong data-start=\"2101\" data-end=\"2134\">Derechos de autor \/ Copyright<\/strong><\/p>\n<p data-start=\"2136\" data-end=\"2454\">El contenido del sitio web, incluidos, entre otros, textos, fotograf\u00edas, maquetaci\u00f3n, gr\u00e1ficos, marcas, logotipos y otros signos distintivos que aparecen en este sitio web, est\u00e1n protegidos por derechos de propiedad intelectual y son propiedad exclusiva del grupo Elystel. Solo pueden utilizarse con su autorizaci\u00f3n.<\/p>\n<p data-start=\"2456\" data-end=\"2923\">A pesar de todo el cuidado puesto en la elaboraci\u00f3n de este sitio web y de sus actualizaciones peri\u00f3dicas, la informaci\u00f3n y\/o los documentos presentados pueden contener errores. Por lo tanto, los usuarios del sitio web deben realizar todas las comprobaciones necesarias. El hotel Floride Etoile no ser\u00e1 en ning\u00fan caso responsable de los da\u00f1os directos o indirectos que se deriven del acceso a este sitio web y\/o del uso del contenido de este sitio web.<\/p>\n<p data-start=\"2925\" data-end=\"2948\"><strong data-start=\"2925\" data-end=\"2948\">Acceso al sitio web<\/strong><\/p>\n<p data-start=\"2950\" data-end=\"3285\">El hotel Floride Etoile se reserva el derecho de modificar, finalizar, suspender o interrumpir en cualquier momento, por cualquier motivo y a su sola discreci\u00f3n, el acceso a la totalidad o parte del sitio web, incluyendo en particular el contenido, las funcionalidades o los horarios de disponibilidad, sin previo aviso.<\/p>\n<p data-start=\"3287\" data-end=\"3306\"><strong data-start=\"3287\" data-end=\"3306\">Actualizaciones<\/strong><\/p>\n<p data-start=\"3308\" data-end=\"3650\">Tenga en cuenta que el contenido de este sitio web puede incluir inexactitudes u omisiones y contenidos que pueden ser modificados o actualizados con poca antelaci\u00f3n.\u00a0<a class=\"decorated-link\" href=\"http:\/\/www.elystel.com\/\" target=\"_new\" rel=\"noopener\" data-start=\"3475\" data-end=\"3490\">www.elystel.com<\/a>\u00a0no ser\u00e1 en ning\u00fan caso responsable de los da\u00f1os directos o indirectos que se deriven del acceso a este sitio web y\/o del uso del contenido de este sitio web.<\/p>\n<p data-start=\"3652\" data-end=\"3890\">Si encuentra un enlace roto, una omisi\u00f3n o un error, le rogamos que lo comunique al editor (grupo Elystel) por correo electr\u00f3nico, tel\u00e9fono o correo postal, utilizando los datos de contacto que figuran en la parte superior de la p\u00e1gina.<\/p>\n<p data-start=\"134\" data-end=\"2234\"><strong data-start=\"134\" data-end=\"145\">1. Cookies<\/strong><\/p>\n<p data-start=\"134\" data-end=\"2234\">Se informa al usuario que durante sus visitas al sitio web\u00a0<a class=\"decorated-link\" href=\"https:\/\/www.villa-artistes.com\/\" target=\"_new\" rel=\"noopener\" data-start=\"207\" data-end=\"238\">www.floride-paris-hotel.com<\/a>\u00a0es posible que se instale autom\u00e1ticamente uno o m\u00e1s cookies en su ordenador.<\/p>\n<p data-start=\"134\" data-end=\"2234\">Un cookie es un peque\u00f1o archivo almacenado por un servidor en el dispositivo del usuario (ordenador, tel\u00e9fono, etc.) y asociado a un dominio web (es decir, en la mayor\u00eda de los casos, a todas las p\u00e1ginas del mismo sitio web). Este archivo se env\u00eda autom\u00e1ticamente durante contactos posteriores con el mismo dominio.<\/p>\n<p data-start=\"134\" data-end=\"2234\">Los datos obtenidos tienen como objetivo facilitar la navegaci\u00f3n futura en el sitio y tambi\u00e9n permitir la elaboraci\u00f3n de diversas estad\u00edsticas.<\/p>\n<p data-start=\"134\" data-end=\"2234\">La configuraci\u00f3n del navegador permite informarse de la presencia de cookies y, en su caso, rechazar su instalaci\u00f3n. Rechazar la instalaci\u00f3n de un cookie puede impedir el acceso a ciertos servicios. Sin embargo, el usuario puede configurar su ordenador de la siguiente manera para rechazar la instalaci\u00f3n de cookies:<\/p>\n<ul>\n<li data-start=\"134\" data-end=\"2234\"><strong data-start=\"1104\" data-end=\"1126\">Internet Explorer:<\/strong>\u00a0pesta\u00f1a Herramientas (icono de engranaje en la parte superior derecha) \/ Opciones de Internet. Haga clic en Privacidad y seleccione Bloquear todas las cookies. Confirme con OK.<\/li>\n<li data-start=\"134\" data-end=\"2234\"><strong data-start=\"1310\" data-end=\"1322\">Firefox:<\/strong>\u00a0en la parte superior de la ventana del navegador, haga clic en el bot\u00f3n Firefox, luego en la pesta\u00f1a Opciones. Haga clic en Privacidad. Configure las Reglas de conservaci\u00f3n en: usar configuraciones personalizadas para el historial. Finalmente, desmarque la opci\u00f3n para desactivar las cookies.<\/li>\n<li data-start=\"134\" data-end=\"2234\"><strong data-start=\"1623\" data-end=\"1634\">Safari:<\/strong>\u00a0haga clic en la parte superior derecha del navegador en el icono de men\u00fa (simbolizado por un engranaje). Seleccione Preferencias. Haga clic en Mostrar configuraci\u00f3n avanzada. En la secci\u00f3n \u00abPrivacidad\u00bb, haga clic en Configuraci\u00f3n de contenido. En la secci\u00f3n \u00abCookies\u00bb, puede bloquear las cookies.<\/li>\n<li data-start=\"134\" data-end=\"2234\"><strong data-start=\"1938\" data-end=\"1949\">Chrome:<\/strong>\u00a0haga clic en la parte superior derecha del navegador en el icono de men\u00fa (tres l\u00edneas horizontales). Seleccione Configuraci\u00f3n. Haga clic en Mostrar configuraci\u00f3n avanzada. En la secci\u00f3n \u00abPrivacidad\u00bb, haga clic en Preferencias. En la pesta\u00f1a \u00abPrivacidad\u00bb, puede bloquear las cookies.<\/li>\n<\/ul>\n<p data-start=\"2239\" data-end=\"2911\"><strong data-start=\"2239\" data-end=\"2273\">2. Protecci\u00f3n de Datos Personales<\/strong><\/p>\n<p data-start=\"2239\" data-end=\"2911\">El usuario es el internauta que se conecta y utiliza el sitio web mencionado: <a class=\"decorated-link\" href=\"https:\/\/www.floride-paris-hotel.com\/\" target=\"_new\" rel=\"noopener\" data-start=\"2354\" data-end=\"2385\">www.floride-paris-hotel.com<\/a>. En Francia, los datos personales est\u00e1n protegidos, en particular, por la Ley n\u00ba 78-87 de 6 de enero de 1978, la Ley n\u00ba 2004-801 de 6 de agosto de 2004, el Art\u00edculo L. 226-13 del C\u00f3digo Penal y el Reglamento UE 2016\/679.<br data-start=\"2606\" data-end=\"2609\" \/>En el sitio <a class=\"decorated-link\" href=\"https:\/\/www.floride-paris-hotel.com\/\" target=\"_new\" rel=\"noopener\" data-start=\"2354\" data-end=\"2385\">www.floride-paris-hotel.com<\/a> \u00a0el propietario del sitio solo recopila informaci\u00f3n personal relacionada con el usuario para la prestaci\u00f3n de ciertos servicios ofrecidos por el sitio <a class=\"decorated-link\" href=\"https:\/\/www.floride-paris-hotel.com\/\" target=\"_new\" rel=\"noopener\" data-start=\"2354\" data-end=\"2385\">www.floride-paris-hotel.com<\/a>\u00a0de conformidad con el RGPD.<\/p>\n<p data-start=\"2239\" data-end=\"2911\">Consulte nuestra pol\u00edtica de privacidad: <a href=\"https:\/\/www.floride-paris-hotel.com\/es\/privacy-policy\/\">https:\/\/www.floride-paris-hotel.com\/es\/privacy-policy\/<\/a><\/p>\n<p data-start=\"2916\" data-end=\"3859\"><strong data-start=\"2916\" data-end=\"2948\">3. Principales Leyes Aplicables<\/strong><\/p>\n<ul>\n<li data-start=\"2916\" data-end=\"3859\">Reglamento UE 2016\/679 del Parlamento Europeo y del Consejo de 27 de abril de 2016 relativo a la protecci\u00f3n de las personas f\u00edsicas en lo que respecta al tratamiento de datos personales y a la libre circulaci\u00f3n de dichos datos, derogando la Directiva 95\/46\/CE, tambi\u00e9n conocido como Reglamento General de Protecci\u00f3n de Datos (RGPD o GDPR, por sus siglas en ingl\u00e9s, General Data Protection Regulation).<\/li>\n<li data-start=\"2916\" data-end=\"3859\">Ley n\u00ba 2004-575 de 21 de junio de 2004 para la confianza en la econom\u00eda digital.<\/li>\n<li data-start=\"2916\" data-end=\"3859\">Directiva 2002\/58\/CE del Parlamento Europeo y del Consejo de 12 de julio de 2002 relativa al tratamiento de datos personales y a la protecci\u00f3n de la vida privada en el sector de las comunicaciones electr\u00f3nicas (Directiva sobre privacidad y comunicaciones electr\u00f3nicas).<\/li>\n<li data-start=\"2916\" data-end=\"3859\">C\u00f3digo de Propiedad Intelectual.<\/li>\n<li data-start=\"2916\" data-end=\"3859\">Ley n\u00ba 78-17 de 6 de enero de 1978 relativa a la inform\u00e1tica, archivos y libertades, vigente.<\/li>\n<\/ul>\n<p data-start=\"3892\" data-end=\"3931\"><strong data-start=\"3892\" data-end=\"3924\">Aviso legal actualizado el :<\/strong>\u00a02026<\/p>\n<p data-start=\"3933\" data-end=\"3976\" data-is-last-node=\"\" data-is-only-node=\"\"><strong data-start=\"3933\" data-end=\"3972\">N\u00famero de autorizaci\u00f3n de la CNIL :<\/strong>\u00a0TBD<\/p>\n","protected":false},"excerpt":{"rendered":"<p>De conformidad con el Art\u00edculo 6 de la Ley n\u00ba 2004-575 del 21 de junio de 2004 sobre la confianza en la econom\u00eda digital, se informa a los usuarios del sitio www.floride-paris-hotel.com sobre la identidad de las distintas personas implicadas en su realizaci\u00f3n y seguimiento: El editor\u00a0 Empresa : Hotel Floride Etoile URL : https:\/\/www.floride-paris-hotel.com\/esp [&hellip;]<\/p>\n","protected":false},"author":15,"featured_media":0,"parent":0,"menu_order":0,"comment_status":"closed","ping_status":"closed","template":"template-default-2.php","meta":{"footnotes":""},"class_list":["post-348","page","type-page","status-publish","hentry"],"yoast_head":"<!-- This site is optimized with the Yoast SEO plugin v26.9 - https:\/\/yoast.com\/product\/yoast-seo-wordpress\/ -->\n<title>Aviso legal - Floride Hotel<\/title>\n<meta name=\"description\" content=\"De conformidad con el Art\u00edculo 6 de la Ley n\u00ba 2004-575 del 21 de junio de 2004 sobre la confianza en la econom\u00eda digital, se informa a los usuarios del\" \/>\n<meta name=\"robots\" content=\"index, follow, max-snippet:-1, max-image-preview:large, max-video-preview:-1\" \/>\n<link rel=\"canonical\" href=\"https:\/\/www.floride-paris-hotel.com\/es\/aviso-legal\/\" \/>\n<meta property=\"og:locale\" content=\"es_ES\" \/>\n<meta property=\"og:type\" content=\"article\" \/>\n<meta property=\"og:title\" content=\"Aviso legal - Floride Hotel\" \/>\n<meta property=\"og:description\" content=\"De conformidad con el Art\u00edculo 6 de la Ley n\u00ba 2004-575 del 21 de junio de 2004 sobre la confianza en la econom\u00eda digital, se informa a los usuarios del\" \/>\n<meta property=\"og:url\" content=\"https:\/\/www.floride-paris-hotel.com\/es\/aviso-legal\/\" \/>\n<meta property=\"og:site_name\" content=\"Floride Hotel\" \/>\n<meta property=\"article:modified_time\" content=\"2026-02-27T15:40:34+00:00\" \/>\n<meta name=\"twitter:card\" content=\"summary_large_image\" \/>\n<meta name=\"twitter:label1\" content=\"Tiempo de lectura\" \/>\n\t<meta name=\"twitter:data1\" content=\"6 minutos\" \/>\n<script type=\"application\/ld+json\" class=\"yoast-schema-graph\">{\"@context\":\"https:\/\/schema.org\",\"@graph\":[{\"@type\":\"WebPage\",\"@id\":\"https:\/\/www.floride-paris-hotel.com\/es\/aviso-legal\/\",\"url\":\"https:\/\/www.floride-paris-hotel.com\/es\/aviso-legal\/\",\"name\":\"Aviso legal - Floride Hotel\",\"isPartOf\":{\"@id\":\"https:\/\/www.floride-paris-hotel.com\/es\/#website\"},\"datePublished\":\"2022-05-12T15:49:23+00:00\",\"dateModified\":\"2026-02-27T15:40:34+00:00\",\"description\":\"De conformidad con el Art\u00edculo 6 de la Ley n\u00ba 2004-575 del 21 de junio de 2004 sobre la confianza en la econom\u00eda digital, se informa a los usuarios del\",\"breadcrumb\":{\"@id\":\"https:\/\/www.floride-paris-hotel.com\/es\/aviso-legal\/#breadcrumb\"},\"inLanguage\":\"es\",\"potentialAction\":[{\"@type\":\"ReadAction\",\"target\":[\"https:\/\/www.floride-paris-hotel.com\/es\/aviso-legal\/\"]}]},{\"@type\":\"BreadcrumbList\",\"@id\":\"https:\/\/www.floride-paris-hotel.com\/es\/aviso-legal\/#breadcrumb\",\"itemListElement\":[{\"@type\":\"ListItem\",\"position\":1,\"name\":\"Accueil\",\"item\":\"https:\/\/www.floride-paris-hotel.com\/es\/\"},{\"@type\":\"ListItem\",\"position\":2,\"name\":\"Aviso legal\"}]},{\"@type\":\"WebSite\",\"@id\":\"https:\/\/www.floride-paris-hotel.com\/es\/#website\",\"url\":\"https:\/\/www.floride-paris-hotel.com\/es\/\",\"name\":\"Floride Hotel\",\"description\":\"Un site utilisant ms.decms.eu\",\"potentialAction\":[{\"@type\":\"SearchAction\",\"target\":{\"@type\":\"EntryPoint\",\"urlTemplate\":\"https:\/\/www.floride-paris-hotel.com\/es\/?s={search_term_string}\"},\"query-input\":{\"@type\":\"PropertyValueSpecification\",\"valueRequired\":true,\"valueName\":\"search_term_string\"}}],\"inLanguage\":\"es\"}]}<\/script>\n<!-- \/ Yoast SEO plugin. -->","yoast_head_json":{"title":"Aviso legal - Floride Hotel","description":"De conformidad con el Art\u00edculo 6 de la Ley n\u00ba 2004-575 del 21 de junio de 2004 sobre la confianza en la econom\u00eda digital, se informa a los usuarios del","robots":{"index":"index","follow":"follow","max-snippet":"max-snippet:-1","max-image-preview":"max-image-preview:large","max-video-preview":"max-video-preview:-1"},"canonical":"https:\/\/www.floride-paris-hotel.com\/es\/aviso-legal\/","og_locale":"es_ES","og_type":"article","og_title":"Aviso legal - Floride Hotel","og_description":"De conformidad con el Art\u00edculo 6 de la Ley n\u00ba 2004-575 del 21 de junio de 2004 sobre la confianza en la econom\u00eda digital, se informa a los usuarios del","og_url":"https:\/\/www.floride-paris-hotel.com\/es\/aviso-legal\/","og_site_name":"Floride Hotel","article_modified_time":"2026-02-27T15:40:34+00:00","twitter_card":"summary_large_image","twitter_misc":{"Tiempo de lectura":"6 minutos"},"schema":{"@context":"https:\/\/schema.org","@graph":[{"@type":"WebPage","@id":"https:\/\/www.floride-paris-hotel.com\/es\/aviso-legal\/","url":"https:\/\/www.floride-paris-hotel.com\/es\/aviso-legal\/","name":"Aviso legal - Floride Hotel","isPartOf":{"@id":"https:\/\/www.floride-paris-hotel.com\/es\/#website"},"datePublished":"2022-05-12T15:49:23+00:00","dateModified":"2026-02-27T15:40:34+00:00","description":"De conformidad con el Art\u00edculo 6 de la Ley n\u00ba 2004-575 del 21 de junio de 2004 sobre la confianza en la econom\u00eda digital, se informa a los usuarios del","breadcrumb":{"@id":"https:\/\/www.floride-paris-hotel.com\/es\/aviso-legal\/#breadcrumb"},"inLanguage":"es","potentialAction":[{"@type":"ReadAction","target":["https:\/\/www.floride-paris-hotel.com\/es\/aviso-legal\/"]}]},{"@type":"BreadcrumbList","@id":"https:\/\/www.floride-paris-hotel.com\/es\/aviso-legal\/#breadcrumb","itemListElement":[{"@type":"ListItem","position":1,"name":"Accueil","item":"https:\/\/www.floride-paris-hotel.com\/es\/"},{"@type":"ListItem","position":2,"name":"Aviso legal"}]},{"@type":"WebSite","@id":"https:\/\/www.floride-paris-hotel.com\/es\/#website","url":"https:\/\/www.floride-paris-hotel.com\/es\/","name":"Floride Hotel","description":"Un site utilisant ms.decms.eu","potentialAction":[{"@type":"SearchAction","target":{"@type":"EntryPoint","urlTemplate":"https:\/\/www.floride-paris-hotel.com\/es\/?s={search_term_string}"},"query-input":{"@type":"PropertyValueSpecification","valueRequired":true,"valueName":"search_term_string"}}],"inLanguage":"es"}]}},"acf":[],"_links":{"self":[{"href":"https:\/\/www.floride-paris-hotel.com\/es\/wp-json\/wp\/v2\/pages\/348","targetHints":{"allow":["GET"]}}],"collection":[{"href":"https:\/\/www.floride-paris-hotel.com\/es\/wp-json\/wp\/v2\/pages"}],"about":[{"href":"https:\/\/www.floride-paris-hotel.com\/es\/wp-json\/wp\/v2\/types\/page"}],"author":[{"embeddable":true,"href":"https:\/\/www.floride-paris-hotel.com\/es\/wp-json\/wp\/v2\/users\/15"}],"replies":[{"embeddable":true,"href":"https:\/\/www.floride-paris-hotel.com\/es\/wp-json\/wp\/v2\/comments?post=348"}],"version-history":[{"count":0,"href":"https:\/\/www.floride-paris-hotel.com\/es\/wp-json\/wp\/v2\/pages\/348\/revisions"}],"wp:attachment":[{"href":"https:\/\/www.floride-paris-hotel.com\/es\/wp-json\/wp\/v2\/media?parent=348"}],"curies":[{"name":"wp","href":"https:\/\/api.w.org\/{rel}","templated":true}]}}