{"id":303,"date":"2022-05-09T18:26:45","date_gmt":"2022-05-09T16:26:45","guid":{"rendered":"https:\/\/floride.ms.decms.eu\/?page_id=303"},"modified":"2022-05-09T18:26:45","modified_gmt":"2022-05-09T16:26:45","slug":"alrededor-del-hotel","status":"publish","type":"page","link":"https:\/\/www.floride-paris-hotel.com\/es\/alrededor-del-hotel\/","title":{"rendered":"Alrededor del hotel"},"content":{"rendered":"<p style=\"text-align: center;\">El Hotel Floride Etoile se encuentra en el centro de Par\u00eds, donde podr\u00e1 disfrutar de animadas brasseries,<br \/>\nespect\u00e1culos de danza en el Th\u00e9\u00e2tre National de Chaillot, arte contempor\u00e1neo en la Fundaci\u00f3n Louis Vuitton,<br \/>\ndise\u00f1ada por Frank Gehry, y admirar la Torre Eiffel desde la explanada del Trocad\u00e9ro<br \/>\nantes de visitar el mirador de la torre para contemplar todo Par\u00eds.<\/p>\n","protected":false},"excerpt":{"rendered":"<p>El Hotel Floride Etoile se encuentra en el centro de Par\u00eds, donde podr\u00e1 disfrutar de animadas brasseries, espect\u00e1culos de danza en el Th\u00e9\u00e2tre National de Chaillot, arte contempor\u00e1neo en la Fundaci\u00f3n Louis Vuitton, dise\u00f1ada por Frank Gehry, y admirar la Torre Eiffel desde la explanada del Trocad\u00e9ro antes de visitar el mirador de la torre [&hellip;]<\/p>\n","protected":false},"author":15,"featured_media":0,"parent":0,"menu_order":0,"comment_status":"closed","ping_status":"closed","template":"template-surroundings.php","meta":{"footnotes":""},"class_list":["post-303","page","type-page","status-publish","hentry"],"yoast_head":"<!-- This site is optimized with the Yoast SEO plugin v26.9 - https:\/\/yoast.com\/product\/yoast-seo-wordpress\/ -->\n<title>Atracciones cerca del Hotel Floride Etoile, Par\u00eds 16, 3*<\/title>\n<meta name=\"description\" content=\"Reserve en el Hotel Floride Etoile y disfrute del arte asi\u00e1tico en el Museo Guimet o visite la Torre Eiffel.\" \/>\n<meta name=\"robots\" content=\"index, follow, max-snippet:-1, max-image-preview:large, max-video-preview:-1\" \/>\n<link rel=\"canonical\" href=\"https:\/\/www.floride-paris-hotel.com\/es\/alrededor-del-hotel\/\" \/>\n<meta property=\"og:locale\" content=\"es_ES\" \/>\n<meta property=\"og:type\" content=\"article\" \/>\n<meta property=\"og:title\" content=\"Atracciones cerca del Hotel Floride Etoile, Par\u00eds 16, 3*\" \/>\n<meta property=\"og:description\" content=\"Reserve en el Hotel Floride Etoile y disfrute del arte asi\u00e1tico en el Museo Guimet o visite la Torre Eiffel.\" \/>\n<meta property=\"og:url\" content=\"https:\/\/www.floride-paris-hotel.com\/es\/alrededor-del-hotel\/\" \/>\n<meta property=\"og:site_name\" content=\"Floride Hotel\" \/>\n<meta name=\"twitter:card\" content=\"summary_large_image\" \/>\n<meta name=\"twitter:label1\" content=\"Tiempo de lectura\" \/>\n\t<meta name=\"twitter:data1\" content=\"1 minuto\" \/>\n<script type=\"application\/ld+json\" class=\"yoast-schema-graph\">{\"@context\":\"https:\/\/schema.org\",\"@graph\":[{\"@type\":\"WebPage\",\"@id\":\"https:\/\/www.floride-paris-hotel.com\/es\/alrededor-del-hotel\/\",\"url\":\"https:\/\/www.floride-paris-hotel.com\/es\/alrededor-del-hotel\/\",\"name\":\"Atracciones cerca del Hotel Floride Etoile, Par\u00eds 16, 3*\",\"isPartOf\":{\"@id\":\"https:\/\/www.floride-paris-hotel.com\/es\/#website\"},\"datePublished\":\"2022-05-09T16:26:45+00:00\",\"description\":\"Reserve en el Hotel Floride Etoile y disfrute del arte asi\u00e1tico en el Museo Guimet o visite la Torre Eiffel.\",\"breadcrumb\":{\"@id\":\"https:\/\/www.floride-paris-hotel.com\/es\/alrededor-del-hotel\/#breadcrumb\"},\"inLanguage\":\"es\",\"potentialAction\":[{\"@type\":\"ReadAction\",\"target\":[\"https:\/\/www.floride-paris-hotel.com\/es\/alrededor-del-hotel\/\"]}]},{\"@type\":\"BreadcrumbList\",\"@id\":\"https:\/\/www.floride-paris-hotel.com\/es\/alrededor-del-hotel\/#breadcrumb\",\"itemListElement\":[{\"@type\":\"ListItem\",\"position\":1,\"name\":\"Accueil\",\"item\":\"https:\/\/www.floride-paris-hotel.com\/es\/\"},{\"@type\":\"ListItem\",\"position\":2,\"name\":\"Alrededor del hotel\"}]},{\"@type\":\"WebSite\",\"@id\":\"https:\/\/www.floride-paris-hotel.com\/es\/#website\",\"url\":\"https:\/\/www.floride-paris-hotel.com\/es\/\",\"name\":\"Floride Hotel\",\"description\":\"Un site utilisant ms.decms.eu\",\"potentialAction\":[{\"@type\":\"SearchAction\",\"target\":{\"@type\":\"EntryPoint\",\"urlTemplate\":\"https:\/\/www.floride-paris-hotel.com\/es\/?s={search_term_string}\"},\"query-input\":{\"@type\":\"PropertyValueSpecification\",\"valueRequired\":true,\"valueName\":\"search_term_string\"}}],\"inLanguage\":\"es\"}]}<\/script>\n<!-- \/ Yoast SEO plugin. -->","yoast_head_json":{"title":"Atracciones cerca del Hotel Floride Etoile, Par\u00eds 16, 3*","description":"Reserve en el Hotel Floride Etoile y disfrute del arte asi\u00e1tico en el Museo Guimet o visite la Torre Eiffel.","robots":{"index":"index","follow":"follow","max-snippet":"max-snippet:-1","max-image-preview":"max-image-preview:large","max-video-preview":"max-video-preview:-1"},"canonical":"https:\/\/www.floride-paris-hotel.com\/es\/alrededor-del-hotel\/","og_locale":"es_ES","og_type":"article","og_title":"Atracciones cerca del Hotel Floride Etoile, Par\u00eds 16, 3*","og_description":"Reserve en el Hotel Floride Etoile y disfrute del arte asi\u00e1tico en el Museo Guimet o visite la Torre Eiffel.","og_url":"https:\/\/www.floride-paris-hotel.com\/es\/alrededor-del-hotel\/","og_site_name":"Floride Hotel","twitter_card":"summary_large_image","twitter_misc":{"Tiempo de lectura":"1 minuto"},"schema":{"@context":"https:\/\/schema.org","@graph":[{"@type":"WebPage","@id":"https:\/\/www.floride-paris-hotel.com\/es\/alrededor-del-hotel\/","url":"https:\/\/www.floride-paris-hotel.com\/es\/alrededor-del-hotel\/","name":"Atracciones cerca del Hotel Floride Etoile, Par\u00eds 16, 3*","isPartOf":{"@id":"https:\/\/www.floride-paris-hotel.com\/es\/#website"},"datePublished":"2022-05-09T16:26:45+00:00","description":"Reserve en el Hotel Floride Etoile y disfrute del arte asi\u00e1tico en el Museo Guimet o visite la Torre Eiffel.","breadcrumb":{"@id":"https:\/\/www.floride-paris-hotel.com\/es\/alrededor-del-hotel\/#breadcrumb"},"inLanguage":"es","potentialAction":[{"@type":"ReadAction","target":["https:\/\/www.floride-paris-hotel.com\/es\/alrededor-del-hotel\/"]}]},{"@type":"BreadcrumbList","@id":"https:\/\/www.floride-paris-hotel.com\/es\/alrededor-del-hotel\/#breadcrumb","itemListElement":[{"@type":"ListItem","position":1,"name":"Accueil","item":"https:\/\/www.floride-paris-hotel.com\/es\/"},{"@type":"ListItem","position":2,"name":"Alrededor del hotel"}]},{"@type":"WebSite","@id":"https:\/\/www.floride-paris-hotel.com\/es\/#website","url":"https:\/\/www.floride-paris-hotel.com\/es\/","name":"Floride Hotel","description":"Un site utilisant ms.decms.eu","potentialAction":[{"@type":"SearchAction","target":{"@type":"EntryPoint","urlTemplate":"https:\/\/www.floride-paris-hotel.com\/es\/?s={search_term_string}"},"query-input":{"@type":"PropertyValueSpecification","valueRequired":true,"valueName":"search_term_string"}}],"inLanguage":"es"}]}},"acf":[],"_links":{"self":[{"href":"https:\/\/www.floride-paris-hotel.com\/es\/wp-json\/wp\/v2\/pages\/303","targetHints":{"allow":["GET"]}}],"collection":[{"href":"https:\/\/www.floride-paris-hotel.com\/es\/wp-json\/wp\/v2\/pages"}],"about":[{"href":"https:\/\/www.floride-paris-hotel.com\/es\/wp-json\/wp\/v2\/types\/page"}],"author":[{"embeddable":true,"href":"https:\/\/www.floride-paris-hotel.com\/es\/wp-json\/wp\/v2\/users\/15"}],"replies":[{"embeddable":true,"href":"https:\/\/www.floride-paris-hotel.com\/es\/wp-json\/wp\/v2\/comments?post=303"}],"version-history":[{"count":0,"href":"https:\/\/www.floride-paris-hotel.com\/es\/wp-json\/wp\/v2\/pages\/303\/revisions"}],"wp:attachment":[{"href":"https:\/\/www.floride-paris-hotel.com\/es\/wp-json\/wp\/v2\/media?parent=303"}],"curies":[{"name":"wp","href":"https:\/\/api.w.org\/{rel}","templated":true}]}}