{"id":302,"date":"2022-05-09T18:17:45","date_gmt":"2022-05-09T16:17:45","guid":{"rendered":"https:\/\/floride.ms.decms.eu\/?page_id=302"},"modified":"2022-05-31T09:37:44","modified_gmt":"2022-05-31T07:37:44","slug":"situacion","status":"publish","type":"page","link":"https:\/\/www.floride-paris-hotel.com\/es\/situacion\/","title":{"rendered":"Situaci\u00f3n"},"content":{"rendered":"<p style=\"text-align: center;\">El Hotel Floride Etoile, situado en la tranquila calle Saint-Didier, est\u00e1 cerca de las boutiques y brasseries de moda. La Torre Eiffel o los Campos El\u00edseos est\u00e1n a solo 15 minutos andando.<\/p>\n<p style=\"text-align: center;\">Cerca del hotel hay varias bocas de metro que le conectar\u00e1n con todo Par\u00eds: \u00abBoissi\u00e8re\u00bb (l\u00ednea 6 directa a los Campos El\u00edseos), \u00abVictor Hugo\u00bb (l\u00ednea 2 directa a Montmartre), \u00abTrocad\u00e9ro\u00bb (l\u00ednea 9). La l\u00ednea 82 de autob\u00fas lleva al Palacio de Congresos \u00abPorte Maillot\u00bb.<\/p>\n","protected":false},"excerpt":{"rendered":"<p>El Hotel Floride Etoile, situado en la tranquila calle Saint-Didier, est\u00e1 cerca de las boutiques y brasseries de moda. La Torre Eiffel o los Campos El\u00edseos est\u00e1n a solo 15 minutos andando. Cerca del hotel hay varias bocas de metro que le conectar\u00e1n con todo Par\u00eds: \u00abBoissi\u00e8re\u00bb (l\u00ednea 6 directa a los Campos El\u00edseos), \u00abVictor [&hellip;]<\/p>\n","protected":false},"author":15,"featured_media":0,"parent":0,"menu_order":0,"comment_status":"closed","ping_status":"closed","template":"template-location.php","meta":{"footnotes":""},"class_list":["post-302","page","type-page","status-publish","hentry"],"yoast_head":"<!-- This site is optimized with the Yoast SEO plugin v26.9 - https:\/\/yoast.com\/product\/yoast-seo-wordpress\/ -->\n<title>Hotel Floride Etoile - Cerca de Trocad\u00e9ro y del Palacio de Congresos<\/title>\n<meta name=\"description\" content=\"Reserve una estancia en el Hotel Floride Etoile, ideal para viajes de negocios o de ocio, entre los Campos El\u00edseos, Trocad\u00e9ro y la Torre Eiffel, en pleno centro de Par\u00eds.\" \/>\n<meta name=\"robots\" content=\"index, follow, max-snippet:-1, max-image-preview:large, max-video-preview:-1\" \/>\n<link rel=\"canonical\" href=\"https:\/\/www.floride-paris-hotel.com\/es\/situacion\/\" \/>\n<meta property=\"og:locale\" content=\"es_ES\" \/>\n<meta property=\"og:type\" content=\"article\" \/>\n<meta property=\"og:title\" content=\"Hotel Floride Etoile - Cerca de Trocad\u00e9ro y del Palacio de Congresos\" \/>\n<meta property=\"og:description\" content=\"Reserve una estancia en el Hotel Floride Etoile, ideal para viajes de negocios o de ocio, entre los Campos El\u00edseos, Trocad\u00e9ro y la Torre Eiffel, en pleno centro de Par\u00eds.\" \/>\n<meta property=\"og:url\" content=\"https:\/\/www.floride-paris-hotel.com\/es\/situacion\/\" \/>\n<meta property=\"og:site_name\" content=\"Floride Hotel\" \/>\n<meta property=\"article:modified_time\" content=\"2022-05-31T07:37:44+00:00\" \/>\n<meta name=\"twitter:card\" content=\"summary_large_image\" \/>\n<meta name=\"twitter:label1\" content=\"Tiempo de lectura\" \/>\n\t<meta name=\"twitter:data1\" content=\"1 minuto\" \/>\n<script type=\"application\/ld+json\" class=\"yoast-schema-graph\">{\"@context\":\"https:\/\/schema.org\",\"@graph\":[{\"@type\":\"WebPage\",\"@id\":\"https:\/\/www.floride-paris-hotel.com\/es\/situacion\/\",\"url\":\"https:\/\/www.floride-paris-hotel.com\/es\/situacion\/\",\"name\":\"Hotel Floride Etoile - Cerca de Trocad\u00e9ro y del Palacio de Congresos\",\"isPartOf\":{\"@id\":\"https:\/\/www.floride-paris-hotel.com\/es\/#website\"},\"datePublished\":\"2022-05-09T16:17:45+00:00\",\"dateModified\":\"2022-05-31T07:37:44+00:00\",\"description\":\"Reserve una estancia en el Hotel Floride Etoile, ideal para viajes de negocios o de ocio, entre los Campos El\u00edseos, Trocad\u00e9ro y la Torre Eiffel, en pleno centro de Par\u00eds.\",\"breadcrumb\":{\"@id\":\"https:\/\/www.floride-paris-hotel.com\/es\/situacion\/#breadcrumb\"},\"inLanguage\":\"es\",\"potentialAction\":[{\"@type\":\"ReadAction\",\"target\":[\"https:\/\/www.floride-paris-hotel.com\/es\/situacion\/\"]}]},{\"@type\":\"BreadcrumbList\",\"@id\":\"https:\/\/www.floride-paris-hotel.com\/es\/situacion\/#breadcrumb\",\"itemListElement\":[{\"@type\":\"ListItem\",\"position\":1,\"name\":\"Accueil\",\"item\":\"https:\/\/www.floride-paris-hotel.com\/es\/\"},{\"@type\":\"ListItem\",\"position\":2,\"name\":\"Situaci\u00f3n\"}]},{\"@type\":\"WebSite\",\"@id\":\"https:\/\/www.floride-paris-hotel.com\/es\/#website\",\"url\":\"https:\/\/www.floride-paris-hotel.com\/es\/\",\"name\":\"Floride Hotel\",\"description\":\"Un site utilisant ms.decms.eu\",\"potentialAction\":[{\"@type\":\"SearchAction\",\"target\":{\"@type\":\"EntryPoint\",\"urlTemplate\":\"https:\/\/www.floride-paris-hotel.com\/es\/?s={search_term_string}\"},\"query-input\":{\"@type\":\"PropertyValueSpecification\",\"valueRequired\":true,\"valueName\":\"search_term_string\"}}],\"inLanguage\":\"es\"}]}<\/script>\n<!-- \/ Yoast SEO plugin. -->","yoast_head_json":{"title":"Hotel Floride Etoile - Cerca de Trocad\u00e9ro y del Palacio de Congresos","description":"Reserve una estancia en el Hotel Floride Etoile, ideal para viajes de negocios o de ocio, entre los Campos El\u00edseos, Trocad\u00e9ro y la Torre Eiffel, en pleno centro de Par\u00eds.","robots":{"index":"index","follow":"follow","max-snippet":"max-snippet:-1","max-image-preview":"max-image-preview:large","max-video-preview":"max-video-preview:-1"},"canonical":"https:\/\/www.floride-paris-hotel.com\/es\/situacion\/","og_locale":"es_ES","og_type":"article","og_title":"Hotel Floride Etoile - Cerca de Trocad\u00e9ro y del Palacio de Congresos","og_description":"Reserve una estancia en el Hotel Floride Etoile, ideal para viajes de negocios o de ocio, entre los Campos El\u00edseos, Trocad\u00e9ro y la Torre Eiffel, en pleno centro de Par\u00eds.","og_url":"https:\/\/www.floride-paris-hotel.com\/es\/situacion\/","og_site_name":"Floride Hotel","article_modified_time":"2022-05-31T07:37:44+00:00","twitter_card":"summary_large_image","twitter_misc":{"Tiempo de lectura":"1 minuto"},"schema":{"@context":"https:\/\/schema.org","@graph":[{"@type":"WebPage","@id":"https:\/\/www.floride-paris-hotel.com\/es\/situacion\/","url":"https:\/\/www.floride-paris-hotel.com\/es\/situacion\/","name":"Hotel Floride Etoile - Cerca de Trocad\u00e9ro y del Palacio de Congresos","isPartOf":{"@id":"https:\/\/www.floride-paris-hotel.com\/es\/#website"},"datePublished":"2022-05-09T16:17:45+00:00","dateModified":"2022-05-31T07:37:44+00:00","description":"Reserve una estancia en el Hotel Floride Etoile, ideal para viajes de negocios o de ocio, entre los Campos El\u00edseos, Trocad\u00e9ro y la Torre Eiffel, en pleno centro de Par\u00eds.","breadcrumb":{"@id":"https:\/\/www.floride-paris-hotel.com\/es\/situacion\/#breadcrumb"},"inLanguage":"es","potentialAction":[{"@type":"ReadAction","target":["https:\/\/www.floride-paris-hotel.com\/es\/situacion\/"]}]},{"@type":"BreadcrumbList","@id":"https:\/\/www.floride-paris-hotel.com\/es\/situacion\/#breadcrumb","itemListElement":[{"@type":"ListItem","position":1,"name":"Accueil","item":"https:\/\/www.floride-paris-hotel.com\/es\/"},{"@type":"ListItem","position":2,"name":"Situaci\u00f3n"}]},{"@type":"WebSite","@id":"https:\/\/www.floride-paris-hotel.com\/es\/#website","url":"https:\/\/www.floride-paris-hotel.com\/es\/","name":"Floride Hotel","description":"Un site utilisant ms.decms.eu","potentialAction":[{"@type":"SearchAction","target":{"@type":"EntryPoint","urlTemplate":"https:\/\/www.floride-paris-hotel.com\/es\/?s={search_term_string}"},"query-input":{"@type":"PropertyValueSpecification","valueRequired":true,"valueName":"search_term_string"}}],"inLanguage":"es"}]}},"acf":[],"_links":{"self":[{"href":"https:\/\/www.floride-paris-hotel.com\/es\/wp-json\/wp\/v2\/pages\/302","targetHints":{"allow":["GET"]}}],"collection":[{"href":"https:\/\/www.floride-paris-hotel.com\/es\/wp-json\/wp\/v2\/pages"}],"about":[{"href":"https:\/\/www.floride-paris-hotel.com\/es\/wp-json\/wp\/v2\/types\/page"}],"author":[{"embeddable":true,"href":"https:\/\/www.floride-paris-hotel.com\/es\/wp-json\/wp\/v2\/users\/15"}],"replies":[{"embeddable":true,"href":"https:\/\/www.floride-paris-hotel.com\/es\/wp-json\/wp\/v2\/comments?post=302"}],"version-history":[{"count":0,"href":"https:\/\/www.floride-paris-hotel.com\/es\/wp-json\/wp\/v2\/pages\/302\/revisions"}],"wp:attachment":[{"href":"https:\/\/www.floride-paris-hotel.com\/es\/wp-json\/wp\/v2\/media?parent=302"}],"curies":[{"name":"wp","href":"https:\/\/api.w.org\/{rel}","templated":true}]}}