{"id":300,"date":"2022-05-09T18:01:43","date_gmt":"2022-05-09T16:01:43","guid":{"rendered":"https:\/\/floride.ms.decms.eu\/?page_id=300"},"modified":"2022-05-31T11:40:08","modified_gmt":"2022-05-31T09:40:08","slug":"sala-de-reuniones","status":"publish","type":"page","link":"https:\/\/www.floride-paris-hotel.com\/es\/sala-de-reuniones\/","title":{"rendered":"Sala de reuniones"},"content":{"rendered":"<p style=\"text-align: center;\">Nuestra luminosa y flexible sala de reuniones tiene capacidad para hasta 40 personas.<br \/>\nUsted elige el formato y nosotros nos encargamos del resto: desde la instalaci\u00f3n de proyectores de v\u00eddeo y<br \/>\npapel\u00f3fragos hasta la organizaci\u00f3n de refrigerios durante el d\u00eda.<br \/>\nNuestro equipo de expertos garantizar\u00e1 el \u00e9xito de sus eventos.<\/p>\n","protected":false},"excerpt":{"rendered":"<p>Nuestra luminosa y flexible sala de reuniones tiene capacidad para hasta 40 personas. Usted elige el formato y nosotros nos encargamos del resto: desde la instalaci\u00f3n de proyectores de v\u00eddeo y papel\u00f3fragos hasta la organizaci\u00f3n de refrigerios durante el d\u00eda. Nuestro equipo de expertos garantizar\u00e1 el \u00e9xito de sus eventos.<\/p>\n","protected":false},"author":15,"featured_media":0,"parent":0,"menu_order":0,"comment_status":"closed","ping_status":"closed","template":"template-meeting.php","meta":{"footnotes":""},"class_list":["post-300","page","type-page","status-publish","hentry"],"yoast_head":"<!-- This site is optimized with the Yoast SEO plugin v26.9 - https:\/\/yoast.com\/product\/yoast-seo-wordpress\/ -->\n<title>Habitaci\u00f3n individual - Hotel Floride Etoile - 3 estrellas - Centro de Par\u00eds<\/title>\n<meta name=\"description\" content=\"Perm\u00edtanos organizar sus reuniones en el Hotel Floride Etoile, un hotel ideal para negocios y ocio, situado en el c\u00e9ntrico distrito 16 de Par\u00eds, que cuenta con un equipo de eventos, alquiler de material y un business corner las 24 horas del d\u00eda.\" \/>\n<meta name=\"robots\" content=\"index, follow, max-snippet:-1, max-image-preview:large, max-video-preview:-1\" \/>\n<link rel=\"canonical\" href=\"https:\/\/www.floride-paris-hotel.com\/es\/sala-de-reuniones\/\" \/>\n<meta property=\"og:locale\" content=\"es_ES\" \/>\n<meta property=\"og:type\" content=\"article\" \/>\n<meta property=\"og:title\" content=\"Habitaci\u00f3n individual - Hotel Floride Etoile - 3 estrellas - Centro de Par\u00eds\" \/>\n<meta property=\"og:description\" content=\"Perm\u00edtanos organizar sus reuniones en el Hotel Floride Etoile, un hotel ideal para negocios y ocio, situado en el c\u00e9ntrico distrito 16 de Par\u00eds, que cuenta con un equipo de eventos, alquiler de material y un business corner las 24 horas del d\u00eda.\" \/>\n<meta property=\"og:url\" content=\"https:\/\/www.floride-paris-hotel.com\/es\/sala-de-reuniones\/\" \/>\n<meta property=\"og:site_name\" content=\"Floride Hotel\" \/>\n<meta property=\"article:modified_time\" content=\"2022-05-31T09:40:08+00:00\" \/>\n<meta name=\"twitter:card\" content=\"summary_large_image\" \/>\n<meta name=\"twitter:label1\" content=\"Tiempo de lectura\" \/>\n\t<meta name=\"twitter:data1\" content=\"1 minuto\" \/>\n<script type=\"application\/ld+json\" class=\"yoast-schema-graph\">{\"@context\":\"https:\/\/schema.org\",\"@graph\":[{\"@type\":\"WebPage\",\"@id\":\"https:\/\/www.floride-paris-hotel.com\/es\/sala-de-reuniones\/\",\"url\":\"https:\/\/www.floride-paris-hotel.com\/es\/sala-de-reuniones\/\",\"name\":\"Habitaci\u00f3n individual - Hotel Floride Etoile - 3 estrellas - Centro de Par\u00eds\",\"isPartOf\":{\"@id\":\"https:\/\/www.floride-paris-hotel.com\/es\/#website\"},\"datePublished\":\"2022-05-09T16:01:43+00:00\",\"dateModified\":\"2022-05-31T09:40:08+00:00\",\"description\":\"Perm\u00edtanos organizar sus reuniones en el Hotel Floride Etoile, un hotel ideal para negocios y ocio, situado en el c\u00e9ntrico distrito 16 de Par\u00eds, que cuenta con un equipo de eventos, alquiler de material y un business corner las 24 horas del d\u00eda.\",\"breadcrumb\":{\"@id\":\"https:\/\/www.floride-paris-hotel.com\/es\/sala-de-reuniones\/#breadcrumb\"},\"inLanguage\":\"es\",\"potentialAction\":[{\"@type\":\"ReadAction\",\"target\":[\"https:\/\/www.floride-paris-hotel.com\/es\/sala-de-reuniones\/\"]}]},{\"@type\":\"BreadcrumbList\",\"@id\":\"https:\/\/www.floride-paris-hotel.com\/es\/sala-de-reuniones\/#breadcrumb\",\"itemListElement\":[{\"@type\":\"ListItem\",\"position\":1,\"name\":\"Accueil\",\"item\":\"https:\/\/www.floride-paris-hotel.com\/es\/\"},{\"@type\":\"ListItem\",\"position\":2,\"name\":\"Sala de reuniones\"}]},{\"@type\":\"WebSite\",\"@id\":\"https:\/\/www.floride-paris-hotel.com\/es\/#website\",\"url\":\"https:\/\/www.floride-paris-hotel.com\/es\/\",\"name\":\"Floride Hotel\",\"description\":\"Un site utilisant ms.decms.eu\",\"potentialAction\":[{\"@type\":\"SearchAction\",\"target\":{\"@type\":\"EntryPoint\",\"urlTemplate\":\"https:\/\/www.floride-paris-hotel.com\/es\/?s={search_term_string}\"},\"query-input\":{\"@type\":\"PropertyValueSpecification\",\"valueRequired\":true,\"valueName\":\"search_term_string\"}}],\"inLanguage\":\"es\"}]}<\/script>\n<!-- \/ Yoast SEO plugin. -->","yoast_head_json":{"title":"Habitaci\u00f3n individual - Hotel Floride Etoile - 3 estrellas - Centro de Par\u00eds","description":"Perm\u00edtanos organizar sus reuniones en el Hotel Floride Etoile, un hotel ideal para negocios y ocio, situado en el c\u00e9ntrico distrito 16 de Par\u00eds, que cuenta con un equipo de eventos, alquiler de material y un business corner las 24 horas del d\u00eda.","robots":{"index":"index","follow":"follow","max-snippet":"max-snippet:-1","max-image-preview":"max-image-preview:large","max-video-preview":"max-video-preview:-1"},"canonical":"https:\/\/www.floride-paris-hotel.com\/es\/sala-de-reuniones\/","og_locale":"es_ES","og_type":"article","og_title":"Habitaci\u00f3n individual - Hotel Floride Etoile - 3 estrellas - Centro de Par\u00eds","og_description":"Perm\u00edtanos organizar sus reuniones en el Hotel Floride Etoile, un hotel ideal para negocios y ocio, situado en el c\u00e9ntrico distrito 16 de Par\u00eds, que cuenta con un equipo de eventos, alquiler de material y un business corner las 24 horas del d\u00eda.","og_url":"https:\/\/www.floride-paris-hotel.com\/es\/sala-de-reuniones\/","og_site_name":"Floride Hotel","article_modified_time":"2022-05-31T09:40:08+00:00","twitter_card":"summary_large_image","twitter_misc":{"Tiempo de lectura":"1 minuto"},"schema":{"@context":"https:\/\/schema.org","@graph":[{"@type":"WebPage","@id":"https:\/\/www.floride-paris-hotel.com\/es\/sala-de-reuniones\/","url":"https:\/\/www.floride-paris-hotel.com\/es\/sala-de-reuniones\/","name":"Habitaci\u00f3n individual - Hotel Floride Etoile - 3 estrellas - Centro de Par\u00eds","isPartOf":{"@id":"https:\/\/www.floride-paris-hotel.com\/es\/#website"},"datePublished":"2022-05-09T16:01:43+00:00","dateModified":"2022-05-31T09:40:08+00:00","description":"Perm\u00edtanos organizar sus reuniones en el Hotel Floride Etoile, un hotel ideal para negocios y ocio, situado en el c\u00e9ntrico distrito 16 de Par\u00eds, que cuenta con un equipo de eventos, alquiler de material y un business corner las 24 horas del d\u00eda.","breadcrumb":{"@id":"https:\/\/www.floride-paris-hotel.com\/es\/sala-de-reuniones\/#breadcrumb"},"inLanguage":"es","potentialAction":[{"@type":"ReadAction","target":["https:\/\/www.floride-paris-hotel.com\/es\/sala-de-reuniones\/"]}]},{"@type":"BreadcrumbList","@id":"https:\/\/www.floride-paris-hotel.com\/es\/sala-de-reuniones\/#breadcrumb","itemListElement":[{"@type":"ListItem","position":1,"name":"Accueil","item":"https:\/\/www.floride-paris-hotel.com\/es\/"},{"@type":"ListItem","position":2,"name":"Sala de reuniones"}]},{"@type":"WebSite","@id":"https:\/\/www.floride-paris-hotel.com\/es\/#website","url":"https:\/\/www.floride-paris-hotel.com\/es\/","name":"Floride Hotel","description":"Un site utilisant ms.decms.eu","potentialAction":[{"@type":"SearchAction","target":{"@type":"EntryPoint","urlTemplate":"https:\/\/www.floride-paris-hotel.com\/es\/?s={search_term_string}"},"query-input":{"@type":"PropertyValueSpecification","valueRequired":true,"valueName":"search_term_string"}}],"inLanguage":"es"}]}},"acf":[],"_links":{"self":[{"href":"https:\/\/www.floride-paris-hotel.com\/es\/wp-json\/wp\/v2\/pages\/300","targetHints":{"allow":["GET"]}}],"collection":[{"href":"https:\/\/www.floride-paris-hotel.com\/es\/wp-json\/wp\/v2\/pages"}],"about":[{"href":"https:\/\/www.floride-paris-hotel.com\/es\/wp-json\/wp\/v2\/types\/page"}],"author":[{"embeddable":true,"href":"https:\/\/www.floride-paris-hotel.com\/es\/wp-json\/wp\/v2\/users\/15"}],"replies":[{"embeddable":true,"href":"https:\/\/www.floride-paris-hotel.com\/es\/wp-json\/wp\/v2\/comments?post=300"}],"version-history":[{"count":0,"href":"https:\/\/www.floride-paris-hotel.com\/es\/wp-json\/wp\/v2\/pages\/300\/revisions"}],"wp:attachment":[{"href":"https:\/\/www.floride-paris-hotel.com\/es\/wp-json\/wp\/v2\/media?parent=300"}],"curies":[{"name":"wp","href":"https:\/\/api.w.org\/{rel}","templated":true}]}}