{"id":298,"date":"2022-05-09T17:57:12","date_gmt":"2022-05-09T15:57:12","guid":{"rendered":"https:\/\/floride.ms.decms.eu\/?page_id=298"},"modified":"2022-05-09T17:57:37","modified_gmt":"2022-05-09T15:57:37","slug":"galeria-de-fotos","status":"publish","type":"page","link":"https:\/\/www.floride-paris-hotel.com\/es\/galeria-de-fotos\/","title":{"rendered":"Galer\u00eda de fotos"},"content":{"rendered":"","protected":false},"excerpt":{"rendered":"","protected":false},"author":15,"featured_media":0,"parent":0,"menu_order":0,"comment_status":"closed","ping_status":"closed","template":"template-gallery.php","meta":{"footnotes":""},"class_list":["post-298","page","type-page","status-publish","hentry"],"yoast_head":"<!-- This site is optimized with the Yoast SEO plugin v26.9 - https:\/\/yoast.com\/product\/yoast-seo-wordpress\/ -->\n<title>Galer\u00eda de fotos - Hotel Floride Etoile - Hotel de 3 estrellas en Par\u00eds 16<\/title>\n<meta name=\"description\" content=\"Recorra nuestra galer\u00eda de fotos para ver las acogedoras habitaciones, el vest\u00edbulo y la sala de reuniones de nuestro hotel de 3* en el centro de Par\u00eds, cerca de la Torre Eiffel y los Campos El\u00edseos.\" \/>\n<meta name=\"robots\" content=\"index, follow, max-snippet:-1, max-image-preview:large, max-video-preview:-1\" \/>\n<link rel=\"canonical\" href=\"https:\/\/www.floride-paris-hotel.com\/es\/galeria-de-fotos\/\" \/>\n<meta property=\"og:locale\" content=\"es_ES\" \/>\n<meta property=\"og:type\" content=\"article\" \/>\n<meta property=\"og:title\" content=\"Galer\u00eda de fotos - Hotel Floride Etoile - Hotel de 3 estrellas en Par\u00eds 16\" \/>\n<meta property=\"og:description\" content=\"Recorra nuestra galer\u00eda de fotos para ver las acogedoras habitaciones, el vest\u00edbulo y la sala de reuniones de nuestro hotel de 3* en el centro de Par\u00eds, cerca de la Torre Eiffel y los Campos El\u00edseos.\" \/>\n<meta property=\"og:url\" content=\"https:\/\/www.floride-paris-hotel.com\/es\/galeria-de-fotos\/\" \/>\n<meta property=\"og:site_name\" content=\"Floride Hotel\" \/>\n<meta property=\"article:modified_time\" content=\"2022-05-09T15:57:37+00:00\" \/>\n<meta name=\"twitter:card\" content=\"summary_large_image\" \/>\n<script type=\"application\/ld+json\" class=\"yoast-schema-graph\">{\"@context\":\"https:\/\/schema.org\",\"@graph\":[{\"@type\":\"WebPage\",\"@id\":\"https:\/\/www.floride-paris-hotel.com\/es\/galeria-de-fotos\/\",\"url\":\"https:\/\/www.floride-paris-hotel.com\/es\/galeria-de-fotos\/\",\"name\":\"Galer\u00eda de fotos - Hotel Floride Etoile - Hotel de 3 estrellas en Par\u00eds 16\",\"isPartOf\":{\"@id\":\"https:\/\/www.floride-paris-hotel.com\/es\/#website\"},\"datePublished\":\"2022-05-09T15:57:12+00:00\",\"dateModified\":\"2022-05-09T15:57:37+00:00\",\"description\":\"Recorra nuestra galer\u00eda de fotos para ver las acogedoras habitaciones, el vest\u00edbulo y la sala de reuniones de nuestro hotel de 3* en el centro de Par\u00eds, cerca de la Torre Eiffel y los Campos El\u00edseos.\",\"breadcrumb\":{\"@id\":\"https:\/\/www.floride-paris-hotel.com\/es\/galeria-de-fotos\/#breadcrumb\"},\"inLanguage\":\"es\",\"potentialAction\":[{\"@type\":\"ReadAction\",\"target\":[\"https:\/\/www.floride-paris-hotel.com\/es\/galeria-de-fotos\/\"]}]},{\"@type\":\"BreadcrumbList\",\"@id\":\"https:\/\/www.floride-paris-hotel.com\/es\/galeria-de-fotos\/#breadcrumb\",\"itemListElement\":[{\"@type\":\"ListItem\",\"position\":1,\"name\":\"Accueil\",\"item\":\"https:\/\/www.floride-paris-hotel.com\/es\/\"},{\"@type\":\"ListItem\",\"position\":2,\"name\":\"Galer\u00eda de fotos\"}]},{\"@type\":\"WebSite\",\"@id\":\"https:\/\/www.floride-paris-hotel.com\/es\/#website\",\"url\":\"https:\/\/www.floride-paris-hotel.com\/es\/\",\"name\":\"Floride Hotel\",\"description\":\"Un site utilisant ms.decms.eu\",\"potentialAction\":[{\"@type\":\"SearchAction\",\"target\":{\"@type\":\"EntryPoint\",\"urlTemplate\":\"https:\/\/www.floride-paris-hotel.com\/es\/?s={search_term_string}\"},\"query-input\":{\"@type\":\"PropertyValueSpecification\",\"valueRequired\":true,\"valueName\":\"search_term_string\"}}],\"inLanguage\":\"es\"}]}<\/script>\n<!-- \/ Yoast SEO plugin. -->","yoast_head_json":{"title":"Galer\u00eda de fotos - Hotel Floride Etoile - Hotel de 3 estrellas en Par\u00eds 16","description":"Recorra nuestra galer\u00eda de fotos para ver las acogedoras habitaciones, el vest\u00edbulo y la sala de reuniones de nuestro hotel de 3* en el centro de Par\u00eds, cerca de la Torre Eiffel y los Campos El\u00edseos.","robots":{"index":"index","follow":"follow","max-snippet":"max-snippet:-1","max-image-preview":"max-image-preview:large","max-video-preview":"max-video-preview:-1"},"canonical":"https:\/\/www.floride-paris-hotel.com\/es\/galeria-de-fotos\/","og_locale":"es_ES","og_type":"article","og_title":"Galer\u00eda de fotos - Hotel Floride Etoile - Hotel de 3 estrellas en Par\u00eds 16","og_description":"Recorra nuestra galer\u00eda de fotos para ver las acogedoras habitaciones, el vest\u00edbulo y la sala de reuniones de nuestro hotel de 3* en el centro de Par\u00eds, cerca de la Torre Eiffel y los Campos El\u00edseos.","og_url":"https:\/\/www.floride-paris-hotel.com\/es\/galeria-de-fotos\/","og_site_name":"Floride Hotel","article_modified_time":"2022-05-09T15:57:37+00:00","twitter_card":"summary_large_image","schema":{"@context":"https:\/\/schema.org","@graph":[{"@type":"WebPage","@id":"https:\/\/www.floride-paris-hotel.com\/es\/galeria-de-fotos\/","url":"https:\/\/www.floride-paris-hotel.com\/es\/galeria-de-fotos\/","name":"Galer\u00eda de fotos - Hotel Floride Etoile - Hotel de 3 estrellas en Par\u00eds 16","isPartOf":{"@id":"https:\/\/www.floride-paris-hotel.com\/es\/#website"},"datePublished":"2022-05-09T15:57:12+00:00","dateModified":"2022-05-09T15:57:37+00:00","description":"Recorra nuestra galer\u00eda de fotos para ver las acogedoras habitaciones, el vest\u00edbulo y la sala de reuniones de nuestro hotel de 3* en el centro de Par\u00eds, cerca de la Torre Eiffel y los Campos El\u00edseos.","breadcrumb":{"@id":"https:\/\/www.floride-paris-hotel.com\/es\/galeria-de-fotos\/#breadcrumb"},"inLanguage":"es","potentialAction":[{"@type":"ReadAction","target":["https:\/\/www.floride-paris-hotel.com\/es\/galeria-de-fotos\/"]}]},{"@type":"BreadcrumbList","@id":"https:\/\/www.floride-paris-hotel.com\/es\/galeria-de-fotos\/#breadcrumb","itemListElement":[{"@type":"ListItem","position":1,"name":"Accueil","item":"https:\/\/www.floride-paris-hotel.com\/es\/"},{"@type":"ListItem","position":2,"name":"Galer\u00eda de fotos"}]},{"@type":"WebSite","@id":"https:\/\/www.floride-paris-hotel.com\/es\/#website","url":"https:\/\/www.floride-paris-hotel.com\/es\/","name":"Floride Hotel","description":"Un site utilisant ms.decms.eu","potentialAction":[{"@type":"SearchAction","target":{"@type":"EntryPoint","urlTemplate":"https:\/\/www.floride-paris-hotel.com\/es\/?s={search_term_string}"},"query-input":{"@type":"PropertyValueSpecification","valueRequired":true,"valueName":"search_term_string"}}],"inLanguage":"es"}]}},"acf":[],"_links":{"self":[{"href":"https:\/\/www.floride-paris-hotel.com\/es\/wp-json\/wp\/v2\/pages\/298","targetHints":{"allow":["GET"]}}],"collection":[{"href":"https:\/\/www.floride-paris-hotel.com\/es\/wp-json\/wp\/v2\/pages"}],"about":[{"href":"https:\/\/www.floride-paris-hotel.com\/es\/wp-json\/wp\/v2\/types\/page"}],"author":[{"embeddable":true,"href":"https:\/\/www.floride-paris-hotel.com\/es\/wp-json\/wp\/v2\/users\/15"}],"replies":[{"embeddable":true,"href":"https:\/\/www.floride-paris-hotel.com\/es\/wp-json\/wp\/v2\/comments?post=298"}],"version-history":[{"count":0,"href":"https:\/\/www.floride-paris-hotel.com\/es\/wp-json\/wp\/v2\/pages\/298\/revisions"}],"wp:attachment":[{"href":"https:\/\/www.floride-paris-hotel.com\/es\/wp-json\/wp\/v2\/media?parent=298"}],"curies":[{"name":"wp","href":"https:\/\/api.w.org\/{rel}","templated":true}]}}