{"id":293,"date":"2022-05-09T17:48:56","date_gmt":"2022-05-09T15:48:56","guid":{"rendered":"https:\/\/floride.ms.decms.eu\/?page_id=293"},"modified":"2022-05-09T17:49:05","modified_gmt":"2022-05-09T15:49:05","slug":"wifi-gratuito","status":"publish","type":"page","link":"https:\/\/www.floride-paris-hotel.com\/es\/nuestros-servicios\/wifi-gratuito\/","title":{"rendered":"Wifi gratuito"},"content":{"rendered":"<p style=\"text-align: center;\">En los sillones del jard\u00edn de invierno o junto a la chimenea del sal\u00f3n, disfrute de la conexi\u00f3n wifi gratuita para consultar su correo electr\u00f3nico o navegar por internet.<br \/>\nPresentaciones de trabajo, m\u00fasica y series favoritas disponibles<br \/>\ndesde su habitaci\u00f3n gracias a una conexi\u00f3n accesible desde cualquier lugar del hotel.<\/p>\n","protected":false},"excerpt":{"rendered":"<p>En los sillones del jard\u00edn de invierno o junto a la chimenea del sal\u00f3n, disfrute de la conexi\u00f3n wifi gratuita para consultar su correo electr\u00f3nico o navegar por internet. Presentaciones de trabajo, m\u00fasica y series favoritas disponibles desde su habitaci\u00f3n gracias a una conexi\u00f3n accesible desde cualquier lugar del hotel.<\/p>\n","protected":false},"author":15,"featured_media":0,"parent":287,"menu_order":30,"comment_status":"closed","ping_status":"closed","template":"template-single-service.php","meta":{"footnotes":""},"class_list":["post-293","page","type-page","status-publish","hentry"],"yoast_head":"<!-- This site is optimized with the Yoast SEO plugin v26.9 - https:\/\/yoast.com\/product\/yoast-seo-wordpress\/ -->\n<title>Wifi gratuito - Hotel Floride Etoile - Hotel boutique, centro de Par\u00eds<\/title>\n<meta name=\"description\" content=\"El Hotel Floride Etoile le ofrece conexi\u00f3n wifi gratuita en las zonas comunes y en las habitaciones, que le permitir\u00e1 trabajar u organizar su estancia en Par\u00eds.\" \/>\n<meta name=\"robots\" content=\"index, follow, max-snippet:-1, max-image-preview:large, max-video-preview:-1\" \/>\n<link rel=\"canonical\" href=\"https:\/\/www.floride-paris-hotel.com\/es\/nuestros-servicios\/wifi-gratuito\/\" \/>\n<meta property=\"og:locale\" content=\"es_ES\" \/>\n<meta property=\"og:type\" content=\"article\" \/>\n<meta property=\"og:title\" content=\"Wifi gratuito - Hotel Floride Etoile - Hotel boutique, centro de Par\u00eds\" \/>\n<meta property=\"og:description\" content=\"El Hotel Floride Etoile le ofrece conexi\u00f3n wifi gratuita en las zonas comunes y en las habitaciones, que le permitir\u00e1 trabajar u organizar su estancia en Par\u00eds.\" \/>\n<meta property=\"og:url\" content=\"https:\/\/www.floride-paris-hotel.com\/es\/nuestros-servicios\/wifi-gratuito\/\" \/>\n<meta property=\"og:site_name\" content=\"Floride Hotel\" \/>\n<meta property=\"article:modified_time\" content=\"2022-05-09T15:49:05+00:00\" \/>\n<meta name=\"twitter:card\" content=\"summary_large_image\" \/>\n<meta name=\"twitter:label1\" content=\"Tiempo de lectura\" \/>\n\t<meta name=\"twitter:data1\" content=\"1 minuto\" \/>\n<script type=\"application\/ld+json\" class=\"yoast-schema-graph\">{\"@context\":\"https:\/\/schema.org\",\"@graph\":[{\"@type\":\"WebPage\",\"@id\":\"https:\/\/www.floride-paris-hotel.com\/es\/nuestros-servicios\/wifi-gratuito\/\",\"url\":\"https:\/\/www.floride-paris-hotel.com\/es\/nuestros-servicios\/wifi-gratuito\/\",\"name\":\"Wifi gratuito - Hotel Floride Etoile - Hotel boutique, centro de Par\u00eds\",\"isPartOf\":{\"@id\":\"https:\/\/www.floride-paris-hotel.com\/es\/#website\"},\"datePublished\":\"2022-05-09T15:48:56+00:00\",\"dateModified\":\"2022-05-09T15:49:05+00:00\",\"description\":\"El Hotel Floride Etoile le ofrece conexi\u00f3n wifi gratuita en las zonas comunes y en las habitaciones, que le permitir\u00e1 trabajar u organizar su estancia en Par\u00eds.\",\"breadcrumb\":{\"@id\":\"https:\/\/www.floride-paris-hotel.com\/es\/nuestros-servicios\/wifi-gratuito\/#breadcrumb\"},\"inLanguage\":\"es\",\"potentialAction\":[{\"@type\":\"ReadAction\",\"target\":[\"https:\/\/www.floride-paris-hotel.com\/es\/nuestros-servicios\/wifi-gratuito\/\"]}]},{\"@type\":\"BreadcrumbList\",\"@id\":\"https:\/\/www.floride-paris-hotel.com\/es\/nuestros-servicios\/wifi-gratuito\/#breadcrumb\",\"itemListElement\":[{\"@type\":\"ListItem\",\"position\":1,\"name\":\"Accueil\",\"item\":\"https:\/\/www.floride-paris-hotel.com\/es\/\"},{\"@type\":\"ListItem\",\"position\":2,\"name\":\"Nuestros servicios\",\"item\":\"https:\/\/www.floride-paris-hotel.com\/es\/nuestros-servicios\/\"},{\"@type\":\"ListItem\",\"position\":3,\"name\":\"Wifi gratuito\"}]},{\"@type\":\"WebSite\",\"@id\":\"https:\/\/www.floride-paris-hotel.com\/es\/#website\",\"url\":\"https:\/\/www.floride-paris-hotel.com\/es\/\",\"name\":\"Floride Hotel\",\"description\":\"Un site utilisant ms.decms.eu\",\"potentialAction\":[{\"@type\":\"SearchAction\",\"target\":{\"@type\":\"EntryPoint\",\"urlTemplate\":\"https:\/\/www.floride-paris-hotel.com\/es\/?s={search_term_string}\"},\"query-input\":{\"@type\":\"PropertyValueSpecification\",\"valueRequired\":true,\"valueName\":\"search_term_string\"}}],\"inLanguage\":\"es\"}]}<\/script>\n<!-- \/ Yoast SEO plugin. -->","yoast_head_json":{"title":"Wifi gratuito - Hotel Floride Etoile - Hotel boutique, centro de Par\u00eds","description":"El Hotel Floride Etoile le ofrece conexi\u00f3n wifi gratuita en las zonas comunes y en las habitaciones, que le permitir\u00e1 trabajar u organizar su estancia en Par\u00eds.","robots":{"index":"index","follow":"follow","max-snippet":"max-snippet:-1","max-image-preview":"max-image-preview:large","max-video-preview":"max-video-preview:-1"},"canonical":"https:\/\/www.floride-paris-hotel.com\/es\/nuestros-servicios\/wifi-gratuito\/","og_locale":"es_ES","og_type":"article","og_title":"Wifi gratuito - Hotel Floride Etoile - Hotel boutique, centro de Par\u00eds","og_description":"El Hotel Floride Etoile le ofrece conexi\u00f3n wifi gratuita en las zonas comunes y en las habitaciones, que le permitir\u00e1 trabajar u organizar su estancia en Par\u00eds.","og_url":"https:\/\/www.floride-paris-hotel.com\/es\/nuestros-servicios\/wifi-gratuito\/","og_site_name":"Floride Hotel","article_modified_time":"2022-05-09T15:49:05+00:00","twitter_card":"summary_large_image","twitter_misc":{"Tiempo de lectura":"1 minuto"},"schema":{"@context":"https:\/\/schema.org","@graph":[{"@type":"WebPage","@id":"https:\/\/www.floride-paris-hotel.com\/es\/nuestros-servicios\/wifi-gratuito\/","url":"https:\/\/www.floride-paris-hotel.com\/es\/nuestros-servicios\/wifi-gratuito\/","name":"Wifi gratuito - Hotel Floride Etoile - Hotel boutique, centro de Par\u00eds","isPartOf":{"@id":"https:\/\/www.floride-paris-hotel.com\/es\/#website"},"datePublished":"2022-05-09T15:48:56+00:00","dateModified":"2022-05-09T15:49:05+00:00","description":"El Hotel Floride Etoile le ofrece conexi\u00f3n wifi gratuita en las zonas comunes y en las habitaciones, que le permitir\u00e1 trabajar u organizar su estancia en Par\u00eds.","breadcrumb":{"@id":"https:\/\/www.floride-paris-hotel.com\/es\/nuestros-servicios\/wifi-gratuito\/#breadcrumb"},"inLanguage":"es","potentialAction":[{"@type":"ReadAction","target":["https:\/\/www.floride-paris-hotel.com\/es\/nuestros-servicios\/wifi-gratuito\/"]}]},{"@type":"BreadcrumbList","@id":"https:\/\/www.floride-paris-hotel.com\/es\/nuestros-servicios\/wifi-gratuito\/#breadcrumb","itemListElement":[{"@type":"ListItem","position":1,"name":"Accueil","item":"https:\/\/www.floride-paris-hotel.com\/es\/"},{"@type":"ListItem","position":2,"name":"Nuestros servicios","item":"https:\/\/www.floride-paris-hotel.com\/es\/nuestros-servicios\/"},{"@type":"ListItem","position":3,"name":"Wifi gratuito"}]},{"@type":"WebSite","@id":"https:\/\/www.floride-paris-hotel.com\/es\/#website","url":"https:\/\/www.floride-paris-hotel.com\/es\/","name":"Floride Hotel","description":"Un site utilisant ms.decms.eu","potentialAction":[{"@type":"SearchAction","target":{"@type":"EntryPoint","urlTemplate":"https:\/\/www.floride-paris-hotel.com\/es\/?s={search_term_string}"},"query-input":{"@type":"PropertyValueSpecification","valueRequired":true,"valueName":"search_term_string"}}],"inLanguage":"es"}]}},"acf":[],"_links":{"self":[{"href":"https:\/\/www.floride-paris-hotel.com\/es\/wp-json\/wp\/v2\/pages\/293","targetHints":{"allow":["GET"]}}],"collection":[{"href":"https:\/\/www.floride-paris-hotel.com\/es\/wp-json\/wp\/v2\/pages"}],"about":[{"href":"https:\/\/www.floride-paris-hotel.com\/es\/wp-json\/wp\/v2\/types\/page"}],"author":[{"embeddable":true,"href":"https:\/\/www.floride-paris-hotel.com\/es\/wp-json\/wp\/v2\/users\/15"}],"replies":[{"embeddable":true,"href":"https:\/\/www.floride-paris-hotel.com\/es\/wp-json\/wp\/v2\/comments?post=293"}],"version-history":[{"count":0,"href":"https:\/\/www.floride-paris-hotel.com\/es\/wp-json\/wp\/v2\/pages\/293\/revisions"}],"up":[{"embeddable":true,"href":"https:\/\/www.floride-paris-hotel.com\/es\/wp-json\/wp\/v2\/pages\/287"}],"wp:attachment":[{"href":"https:\/\/www.floride-paris-hotel.com\/es\/wp-json\/wp\/v2\/media?parent=293"}],"curies":[{"name":"wp","href":"https:\/\/api.w.org\/{rel}","templated":true}]}}