{"id":291,"date":"2022-05-09T17:44:43","date_gmt":"2022-05-09T15:44:43","guid":{"rendered":"https:\/\/floride.ms.decms.eu\/?page_id=291"},"modified":"2022-05-09T17:44:55","modified_gmt":"2022-05-09T15:44:55","slug":"recepcion-disponible-24-horas","status":"publish","type":"page","link":"https:\/\/www.floride-paris-hotel.com\/es\/nuestros-servicios\/recepcion-disponible-24-horas\/","title":{"rendered":"Recepci\u00f3n disponible 24 horas"},"content":{"rendered":"<p style=\"text-align: center;\">Nuestra recepci\u00f3n est\u00e1 abierta todas las horas del d\u00eda y de la noche.<br \/>\nVuelva cuando desee, por la noche, despu\u00e9s de una cena de negocios o una cita rom\u00e1ntica.<br \/>\nContacte con nuestro equipo si tiene alguna duda sobre el hotel o desea conocer el mejor itinerario para descubrir Par\u00eds, sin necesidad de utilizar su m\u00f3vil.<\/p>\n","protected":false},"excerpt":{"rendered":"<p>Nuestra recepci\u00f3n est\u00e1 abierta todas las horas del d\u00eda y de la noche. Vuelva cuando desee, por la noche, despu\u00e9s de una cena de negocios o una cita rom\u00e1ntica. Contacte con nuestro equipo si tiene alguna duda sobre el hotel o desea conocer el mejor itinerario para descubrir Par\u00eds, sin necesidad de utilizar su m\u00f3vil.<\/p>\n","protected":false},"author":15,"featured_media":0,"parent":287,"menu_order":50,"comment_status":"closed","ping_status":"closed","template":"template-single-service.php","meta":{"footnotes":""},"class_list":["post-291","page","type-page","status-publish","hentry"],"yoast_head":"<!-- This site is optimized with the Yoast SEO plugin v26.9 - https:\/\/yoast.com\/product\/yoast-seo-wordpress\/ -->\n<title>Recepci\u00f3n 24 horas - Hotel Floride Etoile - Hotel boutique de Par\u00eds, distrito 16<\/title>\n<meta name=\"description\" content=\"Nuestro equipo, disponible en todo momento, le da la bienvenida y le proporciona informaci\u00f3n durante su estancia en nuestro Hotel Floride Etoile de Par\u00eds.\" \/>\n<meta name=\"robots\" content=\"index, follow, max-snippet:-1, max-image-preview:large, max-video-preview:-1\" \/>\n<link rel=\"canonical\" href=\"https:\/\/www.floride-paris-hotel.com\/es\/nuestros-servicios\/recepcion-disponible-24-horas\/\" \/>\n<meta property=\"og:locale\" content=\"es_ES\" \/>\n<meta property=\"og:type\" content=\"article\" \/>\n<meta property=\"og:title\" content=\"Recepci\u00f3n 24 horas - Hotel Floride Etoile - Hotel boutique de Par\u00eds, distrito 16\" \/>\n<meta property=\"og:description\" content=\"Nuestro equipo, disponible en todo momento, le da la bienvenida y le proporciona informaci\u00f3n durante su estancia en nuestro Hotel Floride Etoile de Par\u00eds.\" \/>\n<meta property=\"og:url\" content=\"https:\/\/www.floride-paris-hotel.com\/es\/nuestros-servicios\/recepcion-disponible-24-horas\/\" \/>\n<meta property=\"og:site_name\" content=\"Floride Hotel\" \/>\n<meta property=\"article:modified_time\" content=\"2022-05-09T15:44:55+00:00\" \/>\n<meta name=\"twitter:card\" content=\"summary_large_image\" \/>\n<meta name=\"twitter:label1\" content=\"Tiempo de lectura\" \/>\n\t<meta name=\"twitter:data1\" content=\"1 minuto\" \/>\n<script type=\"application\/ld+json\" class=\"yoast-schema-graph\">{\"@context\":\"https:\/\/schema.org\",\"@graph\":[{\"@type\":\"WebPage\",\"@id\":\"https:\/\/www.floride-paris-hotel.com\/es\/nuestros-servicios\/recepcion-disponible-24-horas\/\",\"url\":\"https:\/\/www.floride-paris-hotel.com\/es\/nuestros-servicios\/recepcion-disponible-24-horas\/\",\"name\":\"Recepci\u00f3n 24 horas - Hotel Floride Etoile - Hotel boutique de Par\u00eds, distrito 16\",\"isPartOf\":{\"@id\":\"https:\/\/www.floride-paris-hotel.com\/es\/#website\"},\"datePublished\":\"2022-05-09T15:44:43+00:00\",\"dateModified\":\"2022-05-09T15:44:55+00:00\",\"description\":\"Nuestro equipo, disponible en todo momento, le da la bienvenida y le proporciona informaci\u00f3n durante su estancia en nuestro Hotel Floride Etoile de Par\u00eds.\",\"breadcrumb\":{\"@id\":\"https:\/\/www.floride-paris-hotel.com\/es\/nuestros-servicios\/recepcion-disponible-24-horas\/#breadcrumb\"},\"inLanguage\":\"es\",\"potentialAction\":[{\"@type\":\"ReadAction\",\"target\":[\"https:\/\/www.floride-paris-hotel.com\/es\/nuestros-servicios\/recepcion-disponible-24-horas\/\"]}]},{\"@type\":\"BreadcrumbList\",\"@id\":\"https:\/\/www.floride-paris-hotel.com\/es\/nuestros-servicios\/recepcion-disponible-24-horas\/#breadcrumb\",\"itemListElement\":[{\"@type\":\"ListItem\",\"position\":1,\"name\":\"Accueil\",\"item\":\"https:\/\/www.floride-paris-hotel.com\/es\/\"},{\"@type\":\"ListItem\",\"position\":2,\"name\":\"Nuestros servicios\",\"item\":\"https:\/\/www.floride-paris-hotel.com\/es\/nuestros-servicios\/\"},{\"@type\":\"ListItem\",\"position\":3,\"name\":\"Recepci\u00f3n disponible 24 horas\"}]},{\"@type\":\"WebSite\",\"@id\":\"https:\/\/www.floride-paris-hotel.com\/es\/#website\",\"url\":\"https:\/\/www.floride-paris-hotel.com\/es\/\",\"name\":\"Floride Hotel\",\"description\":\"Un site utilisant ms.decms.eu\",\"potentialAction\":[{\"@type\":\"SearchAction\",\"target\":{\"@type\":\"EntryPoint\",\"urlTemplate\":\"https:\/\/www.floride-paris-hotel.com\/es\/?s={search_term_string}\"},\"query-input\":{\"@type\":\"PropertyValueSpecification\",\"valueRequired\":true,\"valueName\":\"search_term_string\"}}],\"inLanguage\":\"es\"}]}<\/script>\n<!-- \/ Yoast SEO plugin. -->","yoast_head_json":{"title":"Recepci\u00f3n 24 horas - Hotel Floride Etoile - Hotel boutique de Par\u00eds, distrito 16","description":"Nuestro equipo, disponible en todo momento, le da la bienvenida y le proporciona informaci\u00f3n durante su estancia en nuestro Hotel Floride Etoile de Par\u00eds.","robots":{"index":"index","follow":"follow","max-snippet":"max-snippet:-1","max-image-preview":"max-image-preview:large","max-video-preview":"max-video-preview:-1"},"canonical":"https:\/\/www.floride-paris-hotel.com\/es\/nuestros-servicios\/recepcion-disponible-24-horas\/","og_locale":"es_ES","og_type":"article","og_title":"Recepci\u00f3n 24 horas - Hotel Floride Etoile - Hotel boutique de Par\u00eds, distrito 16","og_description":"Nuestro equipo, disponible en todo momento, le da la bienvenida y le proporciona informaci\u00f3n durante su estancia en nuestro Hotel Floride Etoile de Par\u00eds.","og_url":"https:\/\/www.floride-paris-hotel.com\/es\/nuestros-servicios\/recepcion-disponible-24-horas\/","og_site_name":"Floride Hotel","article_modified_time":"2022-05-09T15:44:55+00:00","twitter_card":"summary_large_image","twitter_misc":{"Tiempo de lectura":"1 minuto"},"schema":{"@context":"https:\/\/schema.org","@graph":[{"@type":"WebPage","@id":"https:\/\/www.floride-paris-hotel.com\/es\/nuestros-servicios\/recepcion-disponible-24-horas\/","url":"https:\/\/www.floride-paris-hotel.com\/es\/nuestros-servicios\/recepcion-disponible-24-horas\/","name":"Recepci\u00f3n 24 horas - Hotel Floride Etoile - Hotel boutique de Par\u00eds, distrito 16","isPartOf":{"@id":"https:\/\/www.floride-paris-hotel.com\/es\/#website"},"datePublished":"2022-05-09T15:44:43+00:00","dateModified":"2022-05-09T15:44:55+00:00","description":"Nuestro equipo, disponible en todo momento, le da la bienvenida y le proporciona informaci\u00f3n durante su estancia en nuestro Hotel Floride Etoile de Par\u00eds.","breadcrumb":{"@id":"https:\/\/www.floride-paris-hotel.com\/es\/nuestros-servicios\/recepcion-disponible-24-horas\/#breadcrumb"},"inLanguage":"es","potentialAction":[{"@type":"ReadAction","target":["https:\/\/www.floride-paris-hotel.com\/es\/nuestros-servicios\/recepcion-disponible-24-horas\/"]}]},{"@type":"BreadcrumbList","@id":"https:\/\/www.floride-paris-hotel.com\/es\/nuestros-servicios\/recepcion-disponible-24-horas\/#breadcrumb","itemListElement":[{"@type":"ListItem","position":1,"name":"Accueil","item":"https:\/\/www.floride-paris-hotel.com\/es\/"},{"@type":"ListItem","position":2,"name":"Nuestros servicios","item":"https:\/\/www.floride-paris-hotel.com\/es\/nuestros-servicios\/"},{"@type":"ListItem","position":3,"name":"Recepci\u00f3n disponible 24 horas"}]},{"@type":"WebSite","@id":"https:\/\/www.floride-paris-hotel.com\/es\/#website","url":"https:\/\/www.floride-paris-hotel.com\/es\/","name":"Floride Hotel","description":"Un site utilisant ms.decms.eu","potentialAction":[{"@type":"SearchAction","target":{"@type":"EntryPoint","urlTemplate":"https:\/\/www.floride-paris-hotel.com\/es\/?s={search_term_string}"},"query-input":{"@type":"PropertyValueSpecification","valueRequired":true,"valueName":"search_term_string"}}],"inLanguage":"es"}]}},"acf":[],"_links":{"self":[{"href":"https:\/\/www.floride-paris-hotel.com\/es\/wp-json\/wp\/v2\/pages\/291","targetHints":{"allow":["GET"]}}],"collection":[{"href":"https:\/\/www.floride-paris-hotel.com\/es\/wp-json\/wp\/v2\/pages"}],"about":[{"href":"https:\/\/www.floride-paris-hotel.com\/es\/wp-json\/wp\/v2\/types\/page"}],"author":[{"embeddable":true,"href":"https:\/\/www.floride-paris-hotel.com\/es\/wp-json\/wp\/v2\/users\/15"}],"replies":[{"embeddable":true,"href":"https:\/\/www.floride-paris-hotel.com\/es\/wp-json\/wp\/v2\/comments?post=291"}],"version-history":[{"count":0,"href":"https:\/\/www.floride-paris-hotel.com\/es\/wp-json\/wp\/v2\/pages\/291\/revisions"}],"up":[{"embeddable":true,"href":"https:\/\/www.floride-paris-hotel.com\/es\/wp-json\/wp\/v2\/pages\/287"}],"wp:attachment":[{"href":"https:\/\/www.floride-paris-hotel.com\/es\/wp-json\/wp\/v2\/media?parent=291"}],"curies":[{"name":"wp","href":"https:\/\/api.w.org\/{rel}","templated":true}]}}