{"id":288,"date":"2022-05-09T17:37:22","date_gmt":"2022-05-09T15:37:22","guid":{"rendered":"https:\/\/floride.ms.decms.eu\/?page_id=288"},"modified":"2022-05-09T17:38:04","modified_gmt":"2022-05-09T15:38:04","slug":"servicio-de-porteria","status":"publish","type":"page","link":"https:\/\/www.floride-paris-hotel.com\/es\/nuestros-servicios\/servicio-de-porteria\/","title":{"rendered":"Servicio de porter\u00eda"},"content":{"rendered":"<p style=\"text-align: center;\">Ofrecemos un servicio de porteo de maletas a la habitaci\u00f3n y un check-in r\u00e1pido y f\u00e1cil.<br \/>\nDisponemos de una consigna para dejar su equipaje antes o despu\u00e9s de su estancia<br \/>\nsi todav\u00eda tiene citas pendientes o necesita m\u00e1s tiempo para disfrutarla.<\/p>\n","protected":false},"excerpt":{"rendered":"<p>Ofrecemos un servicio de porteo de maletas a la habitaci\u00f3n y un check-in r\u00e1pido y f\u00e1cil. Disponemos de una consigna para dejar su equipaje antes o despu\u00e9s de su estancia si todav\u00eda tiene citas pendientes o necesita m\u00e1s tiempo para disfrutarla.<\/p>\n","protected":false},"author":15,"featured_media":0,"parent":287,"menu_order":10,"comment_status":"closed","ping_status":"closed","template":"template-single-service.php","meta":{"footnotes":""},"class_list":["post-288","page","type-page","status-publish","hentry"],"yoast_head":"<!-- This site is optimized with the Yoast SEO plugin v26.9 - https:\/\/yoast.com\/product\/yoast-seo-wordpress\/ -->\n<title>Servicio de porteo de maletas - Hotel Floride Etoile - Hotel de 3 estrellas en Par\u00eds<\/title>\n<meta name=\"description\" content=\"El Hotel Floride Etoile ofrece a sus hu\u00e9spedes una c\u00e1lida bienvenida, un check-in r\u00e1pido y un servicio de porteo de maletas a la habitaci\u00f3n.\" \/>\n<meta name=\"robots\" content=\"index, follow, max-snippet:-1, max-image-preview:large, max-video-preview:-1\" \/>\n<link rel=\"canonical\" href=\"https:\/\/www.floride-paris-hotel.com\/es\/nuestros-servicios\/servicio-de-porteria\/\" \/>\n<meta property=\"og:locale\" content=\"es_ES\" \/>\n<meta property=\"og:type\" content=\"article\" \/>\n<meta property=\"og:title\" content=\"Servicio de porteo de maletas - Hotel Floride Etoile - Hotel de 3 estrellas en Par\u00eds\" \/>\n<meta property=\"og:description\" content=\"El Hotel Floride Etoile ofrece a sus hu\u00e9spedes una c\u00e1lida bienvenida, un check-in r\u00e1pido y un servicio de porteo de maletas a la habitaci\u00f3n.\" \/>\n<meta property=\"og:url\" content=\"https:\/\/www.floride-paris-hotel.com\/es\/nuestros-servicios\/servicio-de-porteria\/\" \/>\n<meta property=\"og:site_name\" content=\"Floride Hotel\" \/>\n<meta property=\"article:modified_time\" content=\"2022-05-09T15:38:04+00:00\" \/>\n<meta name=\"twitter:card\" content=\"summary_large_image\" \/>\n<meta name=\"twitter:label1\" content=\"Tiempo de lectura\" \/>\n\t<meta name=\"twitter:data1\" content=\"1 minuto\" \/>\n<script type=\"application\/ld+json\" class=\"yoast-schema-graph\">{\"@context\":\"https:\/\/schema.org\",\"@graph\":[{\"@type\":\"WebPage\",\"@id\":\"https:\/\/www.floride-paris-hotel.com\/es\/nuestros-servicios\/servicio-de-porteria\/\",\"url\":\"https:\/\/www.floride-paris-hotel.com\/es\/nuestros-servicios\/servicio-de-porteria\/\",\"name\":\"Servicio de porteo de maletas - Hotel Floride Etoile - Hotel de 3 estrellas en Par\u00eds\",\"isPartOf\":{\"@id\":\"https:\/\/www.floride-paris-hotel.com\/es\/#website\"},\"datePublished\":\"2022-05-09T15:37:22+00:00\",\"dateModified\":\"2022-05-09T15:38:04+00:00\",\"description\":\"El Hotel Floride Etoile ofrece a sus hu\u00e9spedes una c\u00e1lida bienvenida, un check-in r\u00e1pido y un servicio de porteo de maletas a la habitaci\u00f3n.\",\"breadcrumb\":{\"@id\":\"https:\/\/www.floride-paris-hotel.com\/es\/nuestros-servicios\/servicio-de-porteria\/#breadcrumb\"},\"inLanguage\":\"es\",\"potentialAction\":[{\"@type\":\"ReadAction\",\"target\":[\"https:\/\/www.floride-paris-hotel.com\/es\/nuestros-servicios\/servicio-de-porteria\/\"]}]},{\"@type\":\"BreadcrumbList\",\"@id\":\"https:\/\/www.floride-paris-hotel.com\/es\/nuestros-servicios\/servicio-de-porteria\/#breadcrumb\",\"itemListElement\":[{\"@type\":\"ListItem\",\"position\":1,\"name\":\"Accueil\",\"item\":\"https:\/\/www.floride-paris-hotel.com\/es\/\"},{\"@type\":\"ListItem\",\"position\":2,\"name\":\"Nuestros servicios\",\"item\":\"https:\/\/www.floride-paris-hotel.com\/es\/nuestros-servicios\/\"},{\"@type\":\"ListItem\",\"position\":3,\"name\":\"Servicio de porter\u00eda\"}]},{\"@type\":\"WebSite\",\"@id\":\"https:\/\/www.floride-paris-hotel.com\/es\/#website\",\"url\":\"https:\/\/www.floride-paris-hotel.com\/es\/\",\"name\":\"Floride Hotel\",\"description\":\"Un site utilisant ms.decms.eu\",\"potentialAction\":[{\"@type\":\"SearchAction\",\"target\":{\"@type\":\"EntryPoint\",\"urlTemplate\":\"https:\/\/www.floride-paris-hotel.com\/es\/?s={search_term_string}\"},\"query-input\":{\"@type\":\"PropertyValueSpecification\",\"valueRequired\":true,\"valueName\":\"search_term_string\"}}],\"inLanguage\":\"es\"}]}<\/script>\n<!-- \/ Yoast SEO plugin. -->","yoast_head_json":{"title":"Servicio de porteo de maletas - Hotel Floride Etoile - Hotel de 3 estrellas en Par\u00eds","description":"El Hotel Floride Etoile ofrece a sus hu\u00e9spedes una c\u00e1lida bienvenida, un check-in r\u00e1pido y un servicio de porteo de maletas a la habitaci\u00f3n.","robots":{"index":"index","follow":"follow","max-snippet":"max-snippet:-1","max-image-preview":"max-image-preview:large","max-video-preview":"max-video-preview:-1"},"canonical":"https:\/\/www.floride-paris-hotel.com\/es\/nuestros-servicios\/servicio-de-porteria\/","og_locale":"es_ES","og_type":"article","og_title":"Servicio de porteo de maletas - Hotel Floride Etoile - Hotel de 3 estrellas en Par\u00eds","og_description":"El Hotel Floride Etoile ofrece a sus hu\u00e9spedes una c\u00e1lida bienvenida, un check-in r\u00e1pido y un servicio de porteo de maletas a la habitaci\u00f3n.","og_url":"https:\/\/www.floride-paris-hotel.com\/es\/nuestros-servicios\/servicio-de-porteria\/","og_site_name":"Floride Hotel","article_modified_time":"2022-05-09T15:38:04+00:00","twitter_card":"summary_large_image","twitter_misc":{"Tiempo de lectura":"1 minuto"},"schema":{"@context":"https:\/\/schema.org","@graph":[{"@type":"WebPage","@id":"https:\/\/www.floride-paris-hotel.com\/es\/nuestros-servicios\/servicio-de-porteria\/","url":"https:\/\/www.floride-paris-hotel.com\/es\/nuestros-servicios\/servicio-de-porteria\/","name":"Servicio de porteo de maletas - Hotel Floride Etoile - Hotel de 3 estrellas en Par\u00eds","isPartOf":{"@id":"https:\/\/www.floride-paris-hotel.com\/es\/#website"},"datePublished":"2022-05-09T15:37:22+00:00","dateModified":"2022-05-09T15:38:04+00:00","description":"El Hotel Floride Etoile ofrece a sus hu\u00e9spedes una c\u00e1lida bienvenida, un check-in r\u00e1pido y un servicio de porteo de maletas a la habitaci\u00f3n.","breadcrumb":{"@id":"https:\/\/www.floride-paris-hotel.com\/es\/nuestros-servicios\/servicio-de-porteria\/#breadcrumb"},"inLanguage":"es","potentialAction":[{"@type":"ReadAction","target":["https:\/\/www.floride-paris-hotel.com\/es\/nuestros-servicios\/servicio-de-porteria\/"]}]},{"@type":"BreadcrumbList","@id":"https:\/\/www.floride-paris-hotel.com\/es\/nuestros-servicios\/servicio-de-porteria\/#breadcrumb","itemListElement":[{"@type":"ListItem","position":1,"name":"Accueil","item":"https:\/\/www.floride-paris-hotel.com\/es\/"},{"@type":"ListItem","position":2,"name":"Nuestros servicios","item":"https:\/\/www.floride-paris-hotel.com\/es\/nuestros-servicios\/"},{"@type":"ListItem","position":3,"name":"Servicio de porter\u00eda"}]},{"@type":"WebSite","@id":"https:\/\/www.floride-paris-hotel.com\/es\/#website","url":"https:\/\/www.floride-paris-hotel.com\/es\/","name":"Floride Hotel","description":"Un site utilisant ms.decms.eu","potentialAction":[{"@type":"SearchAction","target":{"@type":"EntryPoint","urlTemplate":"https:\/\/www.floride-paris-hotel.com\/es\/?s={search_term_string}"},"query-input":{"@type":"PropertyValueSpecification","valueRequired":true,"valueName":"search_term_string"}}],"inLanguage":"es"}]}},"acf":[],"_links":{"self":[{"href":"https:\/\/www.floride-paris-hotel.com\/es\/wp-json\/wp\/v2\/pages\/288","targetHints":{"allow":["GET"]}}],"collection":[{"href":"https:\/\/www.floride-paris-hotel.com\/es\/wp-json\/wp\/v2\/pages"}],"about":[{"href":"https:\/\/www.floride-paris-hotel.com\/es\/wp-json\/wp\/v2\/types\/page"}],"author":[{"embeddable":true,"href":"https:\/\/www.floride-paris-hotel.com\/es\/wp-json\/wp\/v2\/users\/15"}],"replies":[{"embeddable":true,"href":"https:\/\/www.floride-paris-hotel.com\/es\/wp-json\/wp\/v2\/comments?post=288"}],"version-history":[{"count":0,"href":"https:\/\/www.floride-paris-hotel.com\/es\/wp-json\/wp\/v2\/pages\/288\/revisions"}],"up":[{"embeddable":true,"href":"https:\/\/www.floride-paris-hotel.com\/es\/wp-json\/wp\/v2\/pages\/287"}],"wp:attachment":[{"href":"https:\/\/www.floride-paris-hotel.com\/es\/wp-json\/wp\/v2\/media?parent=288"}],"curies":[{"name":"wp","href":"https:\/\/api.w.org\/{rel}","templated":true}]}}