{"id":287,"date":"2022-05-09T17:33:10","date_gmt":"2022-05-09T15:33:10","guid":{"rendered":"https:\/\/floride.ms.decms.eu\/?page_id=287"},"modified":"2022-05-09T17:35:35","modified_gmt":"2022-05-09T15:35:35","slug":"nuestros-servicios","status":"publish","type":"page","link":"https:\/\/www.floride-paris-hotel.com\/es\/nuestros-servicios\/","title":{"rendered":"Nuestros servicios"},"content":{"rendered":"<p style=\"text-align: center;\">Nuestro personal de recepci\u00f3n est\u00e1 a su disposici\u00f3n para una estancia inolvidable.<br \/>\nEstar\u00e1 encantado de aconsejarle sobre los lugares m\u00e1s interesantes del barrio o explicarle los servicios del hotel.<br \/>\nWifi gratuita, business corner, servicio de porter\u00eda, tintorer\u00eda&#8230; \u00a1descubra nuestros servicios!<\/p>\n","protected":false},"excerpt":{"rendered":"<p>Nuestro personal de recepci\u00f3n est\u00e1 a su disposici\u00f3n para una estancia inolvidable. Estar\u00e1 encantado de aconsejarle sobre los lugares m\u00e1s interesantes del barrio o explicarle los servicios del hotel. Wifi gratuita, business corner, servicio de porter\u00eda, tintorer\u00eda&#8230; \u00a1descubra nuestros servicios!<\/p>\n","protected":false},"author":15,"featured_media":0,"parent":0,"menu_order":0,"comment_status":"closed","ping_status":"closed","template":"template-services.php","meta":{"footnotes":""},"class_list":["post-287","page","type-page","status-publish","hentry"],"yoast_head":"<!-- This site is optimized with the Yoast SEO plugin v26.9 - https:\/\/yoast.com\/product\/yoast-seo-wordpress\/ -->\n<title>Nuestros servicios - Hotel Floride Etoile - Distrito 16 de Par\u00eds<\/title>\n<meta name=\"description\" content=\"Cerca de los Campos El\u00edseos y del Palacio de Congresos, el Hotel Floride Etoile ofrece servicio de porter\u00eda y habitaciones PMR, desayuno buf\u00e9, salas de reuniones y bar.\" \/>\n<meta name=\"robots\" content=\"index, follow, max-snippet:-1, max-image-preview:large, max-video-preview:-1\" \/>\n<link rel=\"canonical\" href=\"https:\/\/www.floride-paris-hotel.com\/es\/nuestros-servicios\/\" \/>\n<meta property=\"og:locale\" content=\"es_ES\" \/>\n<meta property=\"og:type\" content=\"article\" \/>\n<meta property=\"og:title\" content=\"Nuestros servicios - Hotel Floride Etoile - Distrito 16 de Par\u00eds\" \/>\n<meta property=\"og:description\" content=\"Cerca de los Campos El\u00edseos y del Palacio de Congresos, el Hotel Floride Etoile ofrece servicio de porter\u00eda y habitaciones PMR, desayuno buf\u00e9, salas de reuniones y bar.\" \/>\n<meta property=\"og:url\" content=\"https:\/\/www.floride-paris-hotel.com\/es\/nuestros-servicios\/\" \/>\n<meta property=\"og:site_name\" content=\"Floride Hotel\" \/>\n<meta property=\"article:modified_time\" content=\"2022-05-09T15:35:35+00:00\" \/>\n<meta name=\"twitter:card\" content=\"summary_large_image\" \/>\n<meta name=\"twitter:label1\" content=\"Tiempo de lectura\" \/>\n\t<meta name=\"twitter:data1\" content=\"1 minuto\" \/>\n<script type=\"application\/ld+json\" class=\"yoast-schema-graph\">{\"@context\":\"https:\/\/schema.org\",\"@graph\":[{\"@type\":\"WebPage\",\"@id\":\"https:\/\/www.floride-paris-hotel.com\/es\/nuestros-servicios\/\",\"url\":\"https:\/\/www.floride-paris-hotel.com\/es\/nuestros-servicios\/\",\"name\":\"Nuestros servicios - Hotel Floride Etoile - Distrito 16 de Par\u00eds\",\"isPartOf\":{\"@id\":\"https:\/\/www.floride-paris-hotel.com\/es\/#website\"},\"datePublished\":\"2022-05-09T15:33:10+00:00\",\"dateModified\":\"2022-05-09T15:35:35+00:00\",\"description\":\"Cerca de los Campos El\u00edseos y del Palacio de Congresos, el Hotel Floride Etoile ofrece servicio de porter\u00eda y habitaciones PMR, desayuno buf\u00e9, salas de reuniones y bar.\",\"breadcrumb\":{\"@id\":\"https:\/\/www.floride-paris-hotel.com\/es\/nuestros-servicios\/#breadcrumb\"},\"inLanguage\":\"es\",\"potentialAction\":[{\"@type\":\"ReadAction\",\"target\":[\"https:\/\/www.floride-paris-hotel.com\/es\/nuestros-servicios\/\"]}]},{\"@type\":\"BreadcrumbList\",\"@id\":\"https:\/\/www.floride-paris-hotel.com\/es\/nuestros-servicios\/#breadcrumb\",\"itemListElement\":[{\"@type\":\"ListItem\",\"position\":1,\"name\":\"Accueil\",\"item\":\"https:\/\/www.floride-paris-hotel.com\/es\/\"},{\"@type\":\"ListItem\",\"position\":2,\"name\":\"Nuestros servicios\"}]},{\"@type\":\"WebSite\",\"@id\":\"https:\/\/www.floride-paris-hotel.com\/es\/#website\",\"url\":\"https:\/\/www.floride-paris-hotel.com\/es\/\",\"name\":\"Floride Hotel\",\"description\":\"Un site utilisant ms.decms.eu\",\"potentialAction\":[{\"@type\":\"SearchAction\",\"target\":{\"@type\":\"EntryPoint\",\"urlTemplate\":\"https:\/\/www.floride-paris-hotel.com\/es\/?s={search_term_string}\"},\"query-input\":{\"@type\":\"PropertyValueSpecification\",\"valueRequired\":true,\"valueName\":\"search_term_string\"}}],\"inLanguage\":\"es\"}]}<\/script>\n<!-- \/ Yoast SEO plugin. -->","yoast_head_json":{"title":"Nuestros servicios - Hotel Floride Etoile - Distrito 16 de Par\u00eds","description":"Cerca de los Campos El\u00edseos y del Palacio de Congresos, el Hotel Floride Etoile ofrece servicio de porter\u00eda y habitaciones PMR, desayuno buf\u00e9, salas de reuniones y bar.","robots":{"index":"index","follow":"follow","max-snippet":"max-snippet:-1","max-image-preview":"max-image-preview:large","max-video-preview":"max-video-preview:-1"},"canonical":"https:\/\/www.floride-paris-hotel.com\/es\/nuestros-servicios\/","og_locale":"es_ES","og_type":"article","og_title":"Nuestros servicios - Hotel Floride Etoile - Distrito 16 de Par\u00eds","og_description":"Cerca de los Campos El\u00edseos y del Palacio de Congresos, el Hotel Floride Etoile ofrece servicio de porter\u00eda y habitaciones PMR, desayuno buf\u00e9, salas de reuniones y bar.","og_url":"https:\/\/www.floride-paris-hotel.com\/es\/nuestros-servicios\/","og_site_name":"Floride Hotel","article_modified_time":"2022-05-09T15:35:35+00:00","twitter_card":"summary_large_image","twitter_misc":{"Tiempo de lectura":"1 minuto"},"schema":{"@context":"https:\/\/schema.org","@graph":[{"@type":"WebPage","@id":"https:\/\/www.floride-paris-hotel.com\/es\/nuestros-servicios\/","url":"https:\/\/www.floride-paris-hotel.com\/es\/nuestros-servicios\/","name":"Nuestros servicios - Hotel Floride Etoile - Distrito 16 de Par\u00eds","isPartOf":{"@id":"https:\/\/www.floride-paris-hotel.com\/es\/#website"},"datePublished":"2022-05-09T15:33:10+00:00","dateModified":"2022-05-09T15:35:35+00:00","description":"Cerca de los Campos El\u00edseos y del Palacio de Congresos, el Hotel Floride Etoile ofrece servicio de porter\u00eda y habitaciones PMR, desayuno buf\u00e9, salas de reuniones y bar.","breadcrumb":{"@id":"https:\/\/www.floride-paris-hotel.com\/es\/nuestros-servicios\/#breadcrumb"},"inLanguage":"es","potentialAction":[{"@type":"ReadAction","target":["https:\/\/www.floride-paris-hotel.com\/es\/nuestros-servicios\/"]}]},{"@type":"BreadcrumbList","@id":"https:\/\/www.floride-paris-hotel.com\/es\/nuestros-servicios\/#breadcrumb","itemListElement":[{"@type":"ListItem","position":1,"name":"Accueil","item":"https:\/\/www.floride-paris-hotel.com\/es\/"},{"@type":"ListItem","position":2,"name":"Nuestros servicios"}]},{"@type":"WebSite","@id":"https:\/\/www.floride-paris-hotel.com\/es\/#website","url":"https:\/\/www.floride-paris-hotel.com\/es\/","name":"Floride Hotel","description":"Un site utilisant ms.decms.eu","potentialAction":[{"@type":"SearchAction","target":{"@type":"EntryPoint","urlTemplate":"https:\/\/www.floride-paris-hotel.com\/es\/?s={search_term_string}"},"query-input":{"@type":"PropertyValueSpecification","valueRequired":true,"valueName":"search_term_string"}}],"inLanguage":"es"}]}},"acf":[],"_links":{"self":[{"href":"https:\/\/www.floride-paris-hotel.com\/es\/wp-json\/wp\/v2\/pages\/287","targetHints":{"allow":["GET"]}}],"collection":[{"href":"https:\/\/www.floride-paris-hotel.com\/es\/wp-json\/wp\/v2\/pages"}],"about":[{"href":"https:\/\/www.floride-paris-hotel.com\/es\/wp-json\/wp\/v2\/types\/page"}],"author":[{"embeddable":true,"href":"https:\/\/www.floride-paris-hotel.com\/es\/wp-json\/wp\/v2\/users\/15"}],"replies":[{"embeddable":true,"href":"https:\/\/www.floride-paris-hotel.com\/es\/wp-json\/wp\/v2\/comments?post=287"}],"version-history":[{"count":0,"href":"https:\/\/www.floride-paris-hotel.com\/es\/wp-json\/wp\/v2\/pages\/287\/revisions"}],"wp:attachment":[{"href":"https:\/\/www.floride-paris-hotel.com\/es\/wp-json\/wp\/v2\/media?parent=287"}],"curies":[{"name":"wp","href":"https:\/\/api.w.org\/{rel}","templated":true}]}}