{"id":279,"date":"2022-05-09T15:58:34","date_gmt":"2022-05-09T13:58:34","guid":{"rendered":"https:\/\/floride.ms.decms.eu\/?page_id=279"},"modified":"2026-01-14T12:52:07","modified_gmt":"2026-01-14T11:52:07","slug":"habitacion-individual-clasica","status":"publish","type":"page","link":"https:\/\/www.floride-paris-hotel.com\/es\/habitaciones\/habitacion-individual-clasica\/","title":{"rendered":"Habitaci\u00f3n individual Club"},"content":{"rendered":"<p style=\"text-align: center\">Tome un caf\u00e9 o un t\u00e9 de la bandeja de bienvenida y rel\u00e1jese&#8230;<br \/>\nLa ropa de cama le garantizar\u00e1 un pl\u00e1cido sue\u00f1o para afrontar con energ\u00eda la jornada de turismo o de trabajo.<\/p>\n","protected":false},"excerpt":{"rendered":"<p>Tome un caf\u00e9 o un t\u00e9 de la bandeja de bienvenida y rel\u00e1jese&#8230; La ropa de cama le garantizar\u00e1 un pl\u00e1cido sue\u00f1o para afrontar con energ\u00eda la jornada de turismo o de trabajo.<\/p>\n","protected":false},"author":15,"featured_media":0,"parent":278,"menu_order":10,"comment_status":"closed","ping_status":"closed","template":"template-single-room.php","meta":{"footnotes":""},"class_list":["post-279","page","type-page","status-publish","hentry"],"yoast_head":"<!-- This site is optimized with the Yoast SEO plugin v26.9 - https:\/\/yoast.com\/product\/yoast-seo-wordpress\/ -->\n<title>Habitaci\u00f3n individual Club - Hotel Floride Etoile - Par\u00eds<\/title>\n<meta name=\"description\" content=\"Cama doble, zona de trabajo y wifi gratuita, la habitaci\u00f3n individual Club del Hotel Floride Etoile, 3*, es ideal para un viaje de negocios de una noche o un fin de semana de turismo en Par\u00eds.\" \/>\n<meta name=\"robots\" content=\"index, follow, max-snippet:-1, max-image-preview:large, max-video-preview:-1\" \/>\n<link rel=\"canonical\" href=\"https:\/\/www.floride-paris-hotel.com\/es\/habitaciones\/habitacion-individual-clasica\/\" \/>\n<meta property=\"og:locale\" content=\"es_ES\" \/>\n<meta property=\"og:type\" content=\"article\" \/>\n<meta property=\"og:title\" content=\"Habitaci\u00f3n individual Club - Hotel Floride Etoile - Par\u00eds\" \/>\n<meta property=\"og:description\" content=\"Cama doble, zona de trabajo y wifi gratuita, la habitaci\u00f3n individual Club del Hotel Floride Etoile, 3*, es ideal para un viaje de negocios de una noche o un fin de semana de turismo en Par\u00eds.\" \/>\n<meta property=\"og:url\" content=\"https:\/\/www.floride-paris-hotel.com\/es\/habitaciones\/habitacion-individual-clasica\/\" \/>\n<meta property=\"og:site_name\" content=\"Floride Hotel\" \/>\n<meta property=\"article:modified_time\" content=\"2026-01-14T11:52:07+00:00\" \/>\n<meta name=\"twitter:card\" content=\"summary_large_image\" \/>\n<meta name=\"twitter:label1\" content=\"Tiempo de lectura\" \/>\n\t<meta name=\"twitter:data1\" content=\"1 minuto\" \/>\n<script type=\"application\/ld+json\" class=\"yoast-schema-graph\">{\"@context\":\"https:\/\/schema.org\",\"@graph\":[{\"@type\":\"WebPage\",\"@id\":\"https:\/\/www.floride-paris-hotel.com\/es\/habitaciones\/habitacion-individual-clasica\/\",\"url\":\"https:\/\/www.floride-paris-hotel.com\/es\/habitaciones\/habitacion-individual-clasica\/\",\"name\":\"Habitaci\u00f3n individual Club - Hotel Floride Etoile - Par\u00eds\",\"isPartOf\":{\"@id\":\"https:\/\/www.floride-paris-hotel.com\/es\/#website\"},\"datePublished\":\"2022-05-09T13:58:34+00:00\",\"dateModified\":\"2026-01-14T11:52:07+00:00\",\"description\":\"Cama doble, zona de trabajo y wifi gratuita, la habitaci\u00f3n individual Club del Hotel Floride Etoile, 3*, es ideal para un viaje de negocios de una noche o un fin de semana de turismo en Par\u00eds.\",\"breadcrumb\":{\"@id\":\"https:\/\/www.floride-paris-hotel.com\/es\/habitaciones\/habitacion-individual-clasica\/#breadcrumb\"},\"inLanguage\":\"es\",\"potentialAction\":[{\"@type\":\"ReadAction\",\"target\":[\"https:\/\/www.floride-paris-hotel.com\/es\/habitaciones\/habitacion-individual-clasica\/\"]}]},{\"@type\":\"BreadcrumbList\",\"@id\":\"https:\/\/www.floride-paris-hotel.com\/es\/habitaciones\/habitacion-individual-clasica\/#breadcrumb\",\"itemListElement\":[{\"@type\":\"ListItem\",\"position\":1,\"name\":\"Accueil\",\"item\":\"https:\/\/www.floride-paris-hotel.com\/es\/\"},{\"@type\":\"ListItem\",\"position\":2,\"name\":\"Habitaciones\",\"item\":\"https:\/\/www.floride-paris-hotel.com\/es\/habitaciones\/\"},{\"@type\":\"ListItem\",\"position\":3,\"name\":\"Habitaci\u00f3n individual Club\"}]},{\"@type\":\"WebSite\",\"@id\":\"https:\/\/www.floride-paris-hotel.com\/es\/#website\",\"url\":\"https:\/\/www.floride-paris-hotel.com\/es\/\",\"name\":\"Floride Hotel\",\"description\":\"Un site utilisant ms.decms.eu\",\"potentialAction\":[{\"@type\":\"SearchAction\",\"target\":{\"@type\":\"EntryPoint\",\"urlTemplate\":\"https:\/\/www.floride-paris-hotel.com\/es\/?s={search_term_string}\"},\"query-input\":{\"@type\":\"PropertyValueSpecification\",\"valueRequired\":true,\"valueName\":\"search_term_string\"}}],\"inLanguage\":\"es\"}]}<\/script>\n<!-- \/ Yoast SEO plugin. -->","yoast_head_json":{"title":"Habitaci\u00f3n individual Club - Hotel Floride Etoile - Par\u00eds","description":"Cama doble, zona de trabajo y wifi gratuita, la habitaci\u00f3n individual Club del Hotel Floride Etoile, 3*, es ideal para un viaje de negocios de una noche o un fin de semana de turismo en Par\u00eds.","robots":{"index":"index","follow":"follow","max-snippet":"max-snippet:-1","max-image-preview":"max-image-preview:large","max-video-preview":"max-video-preview:-1"},"canonical":"https:\/\/www.floride-paris-hotel.com\/es\/habitaciones\/habitacion-individual-clasica\/","og_locale":"es_ES","og_type":"article","og_title":"Habitaci\u00f3n individual Club - Hotel Floride Etoile - Par\u00eds","og_description":"Cama doble, zona de trabajo y wifi gratuita, la habitaci\u00f3n individual Club del Hotel Floride Etoile, 3*, es ideal para un viaje de negocios de una noche o un fin de semana de turismo en Par\u00eds.","og_url":"https:\/\/www.floride-paris-hotel.com\/es\/habitaciones\/habitacion-individual-clasica\/","og_site_name":"Floride Hotel","article_modified_time":"2026-01-14T11:52:07+00:00","twitter_card":"summary_large_image","twitter_misc":{"Tiempo de lectura":"1 minuto"},"schema":{"@context":"https:\/\/schema.org","@graph":[{"@type":"WebPage","@id":"https:\/\/www.floride-paris-hotel.com\/es\/habitaciones\/habitacion-individual-clasica\/","url":"https:\/\/www.floride-paris-hotel.com\/es\/habitaciones\/habitacion-individual-clasica\/","name":"Habitaci\u00f3n individual Club - Hotel Floride Etoile - Par\u00eds","isPartOf":{"@id":"https:\/\/www.floride-paris-hotel.com\/es\/#website"},"datePublished":"2022-05-09T13:58:34+00:00","dateModified":"2026-01-14T11:52:07+00:00","description":"Cama doble, zona de trabajo y wifi gratuita, la habitaci\u00f3n individual Club del Hotel Floride Etoile, 3*, es ideal para un viaje de negocios de una noche o un fin de semana de turismo en Par\u00eds.","breadcrumb":{"@id":"https:\/\/www.floride-paris-hotel.com\/es\/habitaciones\/habitacion-individual-clasica\/#breadcrumb"},"inLanguage":"es","potentialAction":[{"@type":"ReadAction","target":["https:\/\/www.floride-paris-hotel.com\/es\/habitaciones\/habitacion-individual-clasica\/"]}]},{"@type":"BreadcrumbList","@id":"https:\/\/www.floride-paris-hotel.com\/es\/habitaciones\/habitacion-individual-clasica\/#breadcrumb","itemListElement":[{"@type":"ListItem","position":1,"name":"Accueil","item":"https:\/\/www.floride-paris-hotel.com\/es\/"},{"@type":"ListItem","position":2,"name":"Habitaciones","item":"https:\/\/www.floride-paris-hotel.com\/es\/habitaciones\/"},{"@type":"ListItem","position":3,"name":"Habitaci\u00f3n individual Club"}]},{"@type":"WebSite","@id":"https:\/\/www.floride-paris-hotel.com\/es\/#website","url":"https:\/\/www.floride-paris-hotel.com\/es\/","name":"Floride Hotel","description":"Un site utilisant ms.decms.eu","potentialAction":[{"@type":"SearchAction","target":{"@type":"EntryPoint","urlTemplate":"https:\/\/www.floride-paris-hotel.com\/es\/?s={search_term_string}"},"query-input":{"@type":"PropertyValueSpecification","valueRequired":true,"valueName":"search_term_string"}}],"inLanguage":"es"}]}},"acf":[],"_links":{"self":[{"href":"https:\/\/www.floride-paris-hotel.com\/es\/wp-json\/wp\/v2\/pages\/279","targetHints":{"allow":["GET"]}}],"collection":[{"href":"https:\/\/www.floride-paris-hotel.com\/es\/wp-json\/wp\/v2\/pages"}],"about":[{"href":"https:\/\/www.floride-paris-hotel.com\/es\/wp-json\/wp\/v2\/types\/page"}],"author":[{"embeddable":true,"href":"https:\/\/www.floride-paris-hotel.com\/es\/wp-json\/wp\/v2\/users\/15"}],"replies":[{"embeddable":true,"href":"https:\/\/www.floride-paris-hotel.com\/es\/wp-json\/wp\/v2\/comments?post=279"}],"version-history":[{"count":0,"href":"https:\/\/www.floride-paris-hotel.com\/es\/wp-json\/wp\/v2\/pages\/279\/revisions"}],"up":[{"embeddable":true,"href":"https:\/\/www.floride-paris-hotel.com\/es\/wp-json\/wp\/v2\/pages\/278"}],"wp:attachment":[{"href":"https:\/\/www.floride-paris-hotel.com\/es\/wp-json\/wp\/v2\/media?parent=279"}],"curies":[{"name":"wp","href":"https:\/\/api.w.org\/{rel}","templated":true}]}}