{"id":278,"date":"2022-05-09T15:53:07","date_gmt":"2022-05-09T13:53:07","guid":{"rendered":"https:\/\/floride.ms.decms.eu\/?page_id=278"},"modified":"2022-05-09T15:53:53","modified_gmt":"2022-05-09T13:53:53","slug":"habitaciones","status":"publish","type":"page","link":"https:\/\/www.floride-paris-hotel.com\/es\/habitaciones\/","title":{"rendered":"Habitaciones"},"content":{"rendered":"<p style=\"text-align: center;\">Dise\u00f1adas para los viajeros de hoy, nuestras 60 habitaciones \u00edntimas y acogedoras ofrecen el mejor confort contempor\u00e1neo. L\u00edneas depuradas, colores suaves y mobiliario de madera natural para una atm\u00f3sfera serena y acogedora, alejada del bullicio de la ciudad.<\/p>\n<p style=\"text-align: center;\">Disfrute de una estancia de ensue\u00f1o gracias a nuestra confortable ropa de cama y de un espacio extra con la categor\u00eda Executive.<\/p>\n","protected":false},"excerpt":{"rendered":"<p>Dise\u00f1adas para los viajeros de hoy, nuestras 60 habitaciones \u00edntimas y acogedoras ofrecen el mejor confort contempor\u00e1neo. L\u00edneas depuradas, colores suaves y mobiliario de madera natural para una atm\u00f3sfera serena y acogedora, alejada del bullicio de la ciudad. Disfrute de una estancia de ensue\u00f1o gracias a nuestra confortable ropa de cama y de un espacio [&hellip;]<\/p>\n","protected":false},"author":15,"featured_media":0,"parent":0,"menu_order":0,"comment_status":"closed","ping_status":"closed","template":"template-rooms.php","meta":{"footnotes":""},"class_list":["post-278","page","type-page","status-publish","hentry"],"yoast_head":"<!-- This site is optimized with the Yoast SEO plugin v26.9 - https:\/\/yoast.com\/product\/yoast-seo-wordpress\/ -->\n<title>Habitaciones confortables - Hotel Floride Etoile - Centro de Par\u00eds<\/title>\n<meta name=\"description\" content=\"Reserve una espaciosa habitaci\u00f3n individual, doble o familiar en el Hotel Floride Etoile, un acogedor hotel de 3 estrellas situado en el distrito 16 de Par\u00eds, con desayuno buf\u00e9, bar en el vest\u00edbulo y sala de reuniones.\" \/>\n<meta name=\"robots\" content=\"index, follow, max-snippet:-1, max-image-preview:large, max-video-preview:-1\" \/>\n<link rel=\"canonical\" href=\"https:\/\/www.floride-paris-hotel.com\/es\/habitaciones\/\" \/>\n<meta property=\"og:locale\" content=\"es_ES\" \/>\n<meta property=\"og:type\" content=\"article\" \/>\n<meta property=\"og:title\" content=\"Habitaciones confortables - Hotel Floride Etoile - Centro de Par\u00eds\" \/>\n<meta property=\"og:description\" content=\"Reserve una espaciosa habitaci\u00f3n individual, doble o familiar en el Hotel Floride Etoile, un acogedor hotel de 3 estrellas situado en el distrito 16 de Par\u00eds, con desayuno buf\u00e9, bar en el vest\u00edbulo y sala de reuniones.\" \/>\n<meta property=\"og:url\" content=\"https:\/\/www.floride-paris-hotel.com\/es\/habitaciones\/\" \/>\n<meta property=\"og:site_name\" content=\"Floride Hotel\" \/>\n<meta property=\"article:modified_time\" content=\"2022-05-09T13:53:53+00:00\" \/>\n<meta name=\"twitter:card\" content=\"summary_large_image\" \/>\n<meta name=\"twitter:label1\" content=\"Tiempo de lectura\" \/>\n\t<meta name=\"twitter:data1\" content=\"1 minuto\" \/>\n<script type=\"application\/ld+json\" class=\"yoast-schema-graph\">{\"@context\":\"https:\/\/schema.org\",\"@graph\":[{\"@type\":\"WebPage\",\"@id\":\"https:\/\/www.floride-paris-hotel.com\/es\/habitaciones\/\",\"url\":\"https:\/\/www.floride-paris-hotel.com\/es\/habitaciones\/\",\"name\":\"Habitaciones confortables - Hotel Floride Etoile - Centro de Par\u00eds\",\"isPartOf\":{\"@id\":\"https:\/\/www.floride-paris-hotel.com\/es\/#website\"},\"datePublished\":\"2022-05-09T13:53:07+00:00\",\"dateModified\":\"2022-05-09T13:53:53+00:00\",\"description\":\"Reserve una espaciosa habitaci\u00f3n individual, doble o familiar en el Hotel Floride Etoile, un acogedor hotel de 3 estrellas situado en el distrito 16 de Par\u00eds, con desayuno buf\u00e9, bar en el vest\u00edbulo y sala de reuniones.\",\"breadcrumb\":{\"@id\":\"https:\/\/www.floride-paris-hotel.com\/es\/habitaciones\/#breadcrumb\"},\"inLanguage\":\"es\",\"potentialAction\":[{\"@type\":\"ReadAction\",\"target\":[\"https:\/\/www.floride-paris-hotel.com\/es\/habitaciones\/\"]}]},{\"@type\":\"BreadcrumbList\",\"@id\":\"https:\/\/www.floride-paris-hotel.com\/es\/habitaciones\/#breadcrumb\",\"itemListElement\":[{\"@type\":\"ListItem\",\"position\":1,\"name\":\"Accueil\",\"item\":\"https:\/\/www.floride-paris-hotel.com\/es\/\"},{\"@type\":\"ListItem\",\"position\":2,\"name\":\"Habitaciones\"}]},{\"@type\":\"WebSite\",\"@id\":\"https:\/\/www.floride-paris-hotel.com\/es\/#website\",\"url\":\"https:\/\/www.floride-paris-hotel.com\/es\/\",\"name\":\"Floride Hotel\",\"description\":\"Un site utilisant ms.decms.eu\",\"potentialAction\":[{\"@type\":\"SearchAction\",\"target\":{\"@type\":\"EntryPoint\",\"urlTemplate\":\"https:\/\/www.floride-paris-hotel.com\/es\/?s={search_term_string}\"},\"query-input\":{\"@type\":\"PropertyValueSpecification\",\"valueRequired\":true,\"valueName\":\"search_term_string\"}}],\"inLanguage\":\"es\"}]}<\/script>\n<!-- \/ Yoast SEO plugin. -->","yoast_head_json":{"title":"Habitaciones confortables - Hotel Floride Etoile - Centro de Par\u00eds","description":"Reserve una espaciosa habitaci\u00f3n individual, doble o familiar en el Hotel Floride Etoile, un acogedor hotel de 3 estrellas situado en el distrito 16 de Par\u00eds, con desayuno buf\u00e9, bar en el vest\u00edbulo y sala de reuniones.","robots":{"index":"index","follow":"follow","max-snippet":"max-snippet:-1","max-image-preview":"max-image-preview:large","max-video-preview":"max-video-preview:-1"},"canonical":"https:\/\/www.floride-paris-hotel.com\/es\/habitaciones\/","og_locale":"es_ES","og_type":"article","og_title":"Habitaciones confortables - Hotel Floride Etoile - Centro de Par\u00eds","og_description":"Reserve una espaciosa habitaci\u00f3n individual, doble o familiar en el Hotel Floride Etoile, un acogedor hotel de 3 estrellas situado en el distrito 16 de Par\u00eds, con desayuno buf\u00e9, bar en el vest\u00edbulo y sala de reuniones.","og_url":"https:\/\/www.floride-paris-hotel.com\/es\/habitaciones\/","og_site_name":"Floride Hotel","article_modified_time":"2022-05-09T13:53:53+00:00","twitter_card":"summary_large_image","twitter_misc":{"Tiempo de lectura":"1 minuto"},"schema":{"@context":"https:\/\/schema.org","@graph":[{"@type":"WebPage","@id":"https:\/\/www.floride-paris-hotel.com\/es\/habitaciones\/","url":"https:\/\/www.floride-paris-hotel.com\/es\/habitaciones\/","name":"Habitaciones confortables - Hotel Floride Etoile - Centro de Par\u00eds","isPartOf":{"@id":"https:\/\/www.floride-paris-hotel.com\/es\/#website"},"datePublished":"2022-05-09T13:53:07+00:00","dateModified":"2022-05-09T13:53:53+00:00","description":"Reserve una espaciosa habitaci\u00f3n individual, doble o familiar en el Hotel Floride Etoile, un acogedor hotel de 3 estrellas situado en el distrito 16 de Par\u00eds, con desayuno buf\u00e9, bar en el vest\u00edbulo y sala de reuniones.","breadcrumb":{"@id":"https:\/\/www.floride-paris-hotel.com\/es\/habitaciones\/#breadcrumb"},"inLanguage":"es","potentialAction":[{"@type":"ReadAction","target":["https:\/\/www.floride-paris-hotel.com\/es\/habitaciones\/"]}]},{"@type":"BreadcrumbList","@id":"https:\/\/www.floride-paris-hotel.com\/es\/habitaciones\/#breadcrumb","itemListElement":[{"@type":"ListItem","position":1,"name":"Accueil","item":"https:\/\/www.floride-paris-hotel.com\/es\/"},{"@type":"ListItem","position":2,"name":"Habitaciones"}]},{"@type":"WebSite","@id":"https:\/\/www.floride-paris-hotel.com\/es\/#website","url":"https:\/\/www.floride-paris-hotel.com\/es\/","name":"Floride Hotel","description":"Un site utilisant ms.decms.eu","potentialAction":[{"@type":"SearchAction","target":{"@type":"EntryPoint","urlTemplate":"https:\/\/www.floride-paris-hotel.com\/es\/?s={search_term_string}"},"query-input":{"@type":"PropertyValueSpecification","valueRequired":true,"valueName":"search_term_string"}}],"inLanguage":"es"}]}},"acf":[],"_links":{"self":[{"href":"https:\/\/www.floride-paris-hotel.com\/es\/wp-json\/wp\/v2\/pages\/278","targetHints":{"allow":["GET"]}}],"collection":[{"href":"https:\/\/www.floride-paris-hotel.com\/es\/wp-json\/wp\/v2\/pages"}],"about":[{"href":"https:\/\/www.floride-paris-hotel.com\/es\/wp-json\/wp\/v2\/types\/page"}],"author":[{"embeddable":true,"href":"https:\/\/www.floride-paris-hotel.com\/es\/wp-json\/wp\/v2\/users\/15"}],"replies":[{"embeddable":true,"href":"https:\/\/www.floride-paris-hotel.com\/es\/wp-json\/wp\/v2\/comments?post=278"}],"version-history":[{"count":0,"href":"https:\/\/www.floride-paris-hotel.com\/es\/wp-json\/wp\/v2\/pages\/278\/revisions"}],"wp:attachment":[{"href":"https:\/\/www.floride-paris-hotel.com\/es\/wp-json\/wp\/v2\/media?parent=278"}],"curies":[{"name":"wp","href":"https:\/\/api.w.org\/{rel}","templated":true}]}}